{"id":13845,"date":"2020-05-15T08:34:21","date_gmt":"2020-05-15T12:34:21","guid":{"rendered":"https:\/\/www.montrealers.ca\/label-contest\/"},"modified":"2020-06-26T10:03:26","modified_gmt":"2020-06-26T14:03:26","slug":"concours-etiquettes","status":"publish","type":"page","link":"https:\/\/www.montrealers.ca\/fr\/concours-etiquettes\/","title":{"rendered":"Concours d\u2019\u00e9tiquettes"},"content":{"rendered":"<div id=\"pl-13845\"  class=\"panel-layout\" >\n<div id=\"pg-13845-0\"  class=\"panel-grid panel-no-style\" >\n<div id=\"pgc-13845-0-0\"  class=\"panel-grid-cell\"  data-weight=\"1\" >\n<div id=\"panel-13845-0-0-0\" class=\"so-panel widget widget_media_gallery panel-first-child panel-last-child\" data-index=\"0\" data-style=\"{&quot;background_image_attachment&quot;:false,&quot;background_display&quot;:&quot;tile&quot;}\" ><h3 class=\"widget-title\">Soumissions au concours<\/h3><div id='gallery-1' class='gallery galleryid-13845 gallery-columns-3 gallery-size-medium'><figure class='gallery-item'>\n\t\t\t<div class='gallery-icon portrait'>\n\t\t\t\t<a href='https:\/\/www.montrealers.ca\/wp-content\/uploads\/2020\/06\/ITSHOPTOYOU.png'><img decoding=\"async\" width=\"217\" height=\"300\" src=\"https:\/\/www.montrealers.ca\/wp-content\/uploads\/2020\/06\/ITSHOPTOYOU-217x300.png\" class=\"attachment-medium size-medium\" alt=\"\" aria-describedby=\"gallery-1-13904\" srcset=\"https:\/\/www.montrealers.ca\/wp-content\/uploads\/2020\/06\/ITSHOPTOYOU-217x300.png 217w, https:\/\/www.montrealers.ca\/wp-content\/uploads\/2020\/06\/ITSHOPTOYOU-740x1024.png 740w, https:\/\/www.montrealers.ca\/wp-content\/uploads\/2020\/06\/ITSHOPTOYOU-768x1063.png 768w, https:\/\/www.montrealers.ca\/wp-content\/uploads\/2020\/06\/ITSHOPTOYOU-1109x1536.png 1109w, https:\/\/www.montrealers.ca\/wp-content\/uploads\/2020\/06\/ITSHOPTOYOU-1479x2048.png 1479w, https:\/\/www.montrealers.ca\/wp-content\/uploads\/2020\/06\/ITSHOPTOYOU-750x1038.png 750w, https:\/\/www.montrealers.ca\/wp-content\/uploads\/2020\/06\/ITSHOPTOYOU-400x554.png 400w, https:\/\/www.montrealers.ca\/wp-content\/uploads\/2020\/06\/ITSHOPTOYOU-430x595.png 430w, https:\/\/www.montrealers.ca\/wp-content\/uploads\/2020\/06\/ITSHOPTOYOU-150x208.png 150w, https:\/\/www.montrealers.ca\/wp-content\/uploads\/2020\/06\/ITSHOPTOYOU-100x138.png 100w, https:\/\/www.montrealers.ca\/wp-content\/uploads\/2020\/06\/ITSHOPTOYOU-600x831.png 600w\" sizes=\"(max-width: 217px) 100vw, 217px\" \/><\/a>\n\t\t\t<\/div>\n\t\t\t\t<figcaption class='wp-caption-text gallery-caption' id='gallery-1-13904'>\n\t\t\t\t1iere &#8211; Stefan Hyross\n\t\t\t\t<\/figcaption><\/figure><figure class='gallery-item'>\n\t\t\t<div class='gallery-icon portrait'>\n\t\t\t\t<a href='https:\/\/www.montrealers.ca\/wp-content\/uploads\/2020\/06\/AngeliqueROY_LabelContest_BON.png'><img decoding=\"async\" width=\"217\" height=\"300\" src=\"https:\/\/www.montrealers.ca\/wp-content\/uploads\/2020\/06\/AngeliqueROY_LabelContest_BON-217x300.png\" class=\"attachment-medium size-medium\" alt=\"\" aria-describedby=\"gallery-1-13929\" srcset=\"https:\/\/www.montrealers.ca\/wp-content\/uploads\/2020\/06\/AngeliqueROY_LabelContest_BON-217x300.png 217w, https:\/\/www.montrealers.ca\/wp-content\/uploads\/2020\/06\/AngeliqueROY_LabelContest_BON-740x1024.png 740w, https:\/\/www.montrealers.ca\/wp-content\/uploads\/2020\/06\/AngeliqueROY_LabelContest_BON-768x1063.png 768w, https:\/\/www.montrealers.ca\/wp-content\/uploads\/2020\/06\/AngeliqueROY_LabelContest_BON-750x1038.png 750w, https:\/\/www.montrealers.ca\/wp-content\/uploads\/2020\/06\/AngeliqueROY_LabelContest_BON-400x554.png 400w, https:\/\/www.montrealers.ca\/wp-content\/uploads\/2020\/06\/AngeliqueROY_LabelContest_BON-430x595.png 430w, https:\/\/www.montrealers.ca\/wp-content\/uploads\/2020\/06\/AngeliqueROY_LabelContest_BON-150x208.png 150w, https:\/\/www.montrealers.ca\/wp-content\/uploads\/2020\/06\/AngeliqueROY_LabelContest_BON-100x138.png 100w, https:\/\/www.montrealers.ca\/wp-content\/uploads\/2020\/06\/AngeliqueROY_LabelContest_BON-600x831.png 600w, https:\/\/www.montrealers.ca\/wp-content\/uploads\/2020\/06\/AngeliqueROY_LabelContest_BON.png 780w\" sizes=\"(max-width: 217px) 100vw, 217px\" \/><\/a>\n\t\t\t<\/div>\n\t\t\t\t<figcaption class='wp-caption-text gallery-caption' id='gallery-1-13929'>\n\t\t\t\t2e &#8211; Angelique Roy\n\t\t\t\t<\/figcaption><\/figure><figure class='gallery-item'>\n\t\t\t<div class='gallery-icon landscape'>\n\t\t\t\t<a href='https:\/\/www.montrealers.ca\/wp-content\/uploads\/2020\/05\/AA04EA33A69743F581F96A65C6A8B98A.jpg'><img decoding=\"async\" width=\"300\" height=\"225\" src=\"https:\/\/www.montrealers.ca\/wp-content\/uploads\/2020\/05\/AA04EA33A69743F581F96A65C6A8B98A-300x225.jpg\" class=\"attachment-medium size-medium\" alt=\"\" aria-describedby=\"gallery-1-13877\" srcset=\"https:\/\/www.montrealers.ca\/wp-content\/uploads\/2020\/05\/AA04EA33A69743F581F96A65C6A8B98A-300x225.jpg 300w, https:\/\/www.montrealers.ca\/wp-content\/uploads\/2020\/05\/AA04EA33A69743F581F96A65C6A8B98A-1024x768.jpg 1024w, https:\/\/www.montrealers.ca\/wp-content\/uploads\/2020\/05\/AA04EA33A69743F581F96A65C6A8B98A-768x576.jpg 768w, https:\/\/www.montrealers.ca\/wp-content\/uploads\/2020\/05\/AA04EA33A69743F581F96A65C6A8B98A-750x563.jpg 750w, https:\/\/www.montrealers.ca\/wp-content\/uploads\/2020\/05\/AA04EA33A69743F581F96A65C6A8B98A-400x300.jpg 400w, https:\/\/www.montrealers.ca\/wp-content\/uploads\/2020\/05\/AA04EA33A69743F581F96A65C6A8B98A-430x323.jpg 430w, https:\/\/www.montrealers.ca\/wp-content\/uploads\/2020\/05\/AA04EA33A69743F581F96A65C6A8B98A-150x113.jpg 150w, https:\/\/www.montrealers.ca\/wp-content\/uploads\/2020\/05\/AA04EA33A69743F581F96A65C6A8B98A-100x75.jpg 100w, https:\/\/www.montrealers.ca\/wp-content\/uploads\/2020\/05\/AA04EA33A69743F581F96A65C6A8B98A-600x450.jpg 600w, https:\/\/www.montrealers.ca\/wp-content\/uploads\/2020\/05\/AA04EA33A69743F581F96A65C6A8B98A.jpg 1061w\" sizes=\"(max-width: 300px) 100vw, 300px\" \/><\/a>\n\t\t\t<\/div>\n\t\t\t\t<figcaption class='wp-caption-text gallery-caption' id='gallery-1-13877'>\n\t\t\t\t3e &#8211;  Terry Fey\n\t\t\t\t<\/figcaption><\/figure><figure class='gallery-item'>\n\t\t\t<div class='gallery-icon landscape'>\n\t\t\t\t<a href='https:\/\/www.montrealers.ca\/wp-content\/uploads\/2020\/05\/Screenshot_2019-09-14-Your-Shopping-Cart.png'><img decoding=\"async\" width=\"300\" height=\"267\" src=\"https:\/\/www.montrealers.ca\/wp-content\/uploads\/2020\/05\/Screenshot_2019-09-14-Your-Shopping-Cart-300x267.png\" class=\"attachment-medium size-medium\" alt=\"\" aria-describedby=\"gallery-1-13854\" srcset=\"https:\/\/www.montrealers.ca\/wp-content\/uploads\/2020\/05\/Screenshot_2019-09-14-Your-Shopping-Cart-300x267.png 300w, https:\/\/www.montrealers.ca\/wp-content\/uploads\/2020\/05\/Screenshot_2019-09-14-Your-Shopping-Cart-750x667.png 750w, https:\/\/www.montrealers.ca\/wp-content\/uploads\/2020\/05\/Screenshot_2019-09-14-Your-Shopping-Cart-400x356.png 400w, https:\/\/www.montrealers.ca\/wp-content\/uploads\/2020\/05\/Screenshot_2019-09-14-Your-Shopping-Cart-430x383.png 430w, https:\/\/www.montrealers.ca\/wp-content\/uploads\/2020\/05\/Screenshot_2019-09-14-Your-Shopping-Cart-150x133.png 150w, https:\/\/www.montrealers.ca\/wp-content\/uploads\/2020\/05\/Screenshot_2019-09-14-Your-Shopping-Cart-100x89.png 100w, https:\/\/www.montrealers.ca\/wp-content\/uploads\/2020\/05\/Screenshot_2019-09-14-Your-Shopping-Cart-600x534.png 600w, https:\/\/www.montrealers.ca\/wp-content\/uploads\/2020\/05\/Screenshot_2019-09-14-Your-Shopping-Cart.png 753w\" sizes=\"(max-width: 300px) 100vw, 300px\" \/><\/a>\n\t\t\t<\/div>\n\t\t\t\t<figcaption class='wp-caption-text gallery-caption' id='gallery-1-13854'>\n\t\t\t\tJeff Post\n\t\t\t\t<\/figcaption><\/figure><figure class='gallery-item'>\n\t\t\t<div class='gallery-icon landscape'>\n\t\t\t\t<a href='https:\/\/www.montrealers.ca\/wp-content\/uploads\/2020\/05\/darveau_manuel_grog_final.jpg'><img decoding=\"async\" width=\"300\" height=\"133\" src=\"https:\/\/www.montrealers.ca\/wp-content\/uploads\/2020\/05\/darveau_manuel_grog_final-300x133.jpg\" class=\"attachment-medium size-medium\" alt=\"\" aria-describedby=\"gallery-1-13852\" srcset=\"https:\/\/www.montrealers.ca\/wp-content\/uploads\/2020\/05\/darveau_manuel_grog_final-300x133.jpg 300w, https:\/\/www.montrealers.ca\/wp-content\/uploads\/2020\/05\/darveau_manuel_grog_final-1024x453.jpg 1024w, https:\/\/www.montrealers.ca\/wp-content\/uploads\/2020\/05\/darveau_manuel_grog_final-768x340.jpg 768w, https:\/\/www.montrealers.ca\/wp-content\/uploads\/2020\/05\/darveau_manuel_grog_final-1536x680.jpg 1536w, https:\/\/www.montrealers.ca\/wp-content\/uploads\/2020\/05\/darveau_manuel_grog_final-2048x907.jpg 2048w, https:\/\/www.montrealers.ca\/wp-content\/uploads\/2020\/05\/darveau_manuel_grog_final-750x332.jpg 750w, https:\/\/www.montrealers.ca\/wp-content\/uploads\/2020\/05\/darveau_manuel_grog_final-400x177.jpg 400w, https:\/\/www.montrealers.ca\/wp-content\/uploads\/2020\/05\/darveau_manuel_grog_final-430x190.jpg 430w, https:\/\/www.montrealers.ca\/wp-content\/uploads\/2020\/05\/darveau_manuel_grog_final-150x66.jpg 150w, https:\/\/www.montrealers.ca\/wp-content\/uploads\/2020\/05\/darveau_manuel_grog_final-100x44.jpg 100w, https:\/\/www.montrealers.ca\/wp-content\/uploads\/2020\/05\/darveau_manuel_grog_final-600x266.jpg 600w\" sizes=\"(max-width: 300px) 100vw, 300px\" \/><\/a>\n\t\t\t<\/div>\n\t\t\t\t<figcaption class='wp-caption-text gallery-caption' id='gallery-1-13852'>\n\t\t\t\t Manuel Darveau\n\t\t\t\t<\/figcaption><\/figure><figure class='gallery-item'>\n\t\t\t<div class='gallery-icon landscape'>\n\t\t\t\t<a href='https:\/\/www.montrealers.ca\/wp-content\/uploads\/2020\/06\/Cavagnal_Carcajou_label.png'><img decoding=\"async\" width=\"300\" height=\"217\" src=\"https:\/\/www.montrealers.ca\/wp-content\/uploads\/2020\/06\/Cavagnal_Carcajou_label-300x217.png\" class=\"attachment-medium size-medium\" alt=\"\" aria-describedby=\"gallery-1-13885\" srcset=\"https:\/\/www.montrealers.ca\/wp-content\/uploads\/2020\/06\/Cavagnal_Carcajou_label-300x217.png 300w, https:\/\/www.montrealers.ca\/wp-content\/uploads\/2020\/06\/Cavagnal_Carcajou_label-1024x740.png 1024w, https:\/\/www.montrealers.ca\/wp-content\/uploads\/2020\/06\/Cavagnal_Carcajou_label-768x555.png 768w, https:\/\/www.montrealers.ca\/wp-content\/uploads\/2020\/06\/Cavagnal_Carcajou_label-750x542.png 750w, https:\/\/www.montrealers.ca\/wp-content\/uploads\/2020\/06\/Cavagnal_Carcajou_label-400x289.png 400w, https:\/\/www.montrealers.ca\/wp-content\/uploads\/2020\/06\/Cavagnal_Carcajou_label-430x311.png 430w, https:\/\/www.montrealers.ca\/wp-content\/uploads\/2020\/06\/Cavagnal_Carcajou_label-150x108.png 150w, https:\/\/www.montrealers.ca\/wp-content\/uploads\/2020\/06\/Cavagnal_Carcajou_label-100x72.png 100w, https:\/\/www.montrealers.ca\/wp-content\/uploads\/2020\/06\/Cavagnal_Carcajou_label-600x433.png 600w, https:\/\/www.montrealers.ca\/wp-content\/uploads\/2020\/06\/Cavagnal_Carcajou_label.png 1080w\" sizes=\"(max-width: 300px) 100vw, 300px\" \/><\/a>\n\t\t\t<\/div>\n\t\t\t\t<figcaption class='wp-caption-text gallery-caption' id='gallery-1-13885'>\n\t\t\t\tFrank Schneidawind\n\t\t\t\t<\/figcaption><\/figure><figure class='gallery-item'>\n\t\t\t<div class='gallery-icon landscape'>\n\t\t\t\t<a href='https:\/\/www.montrealers.ca\/wp-content\/uploads\/2020\/06\/summer-chillin_scaled-down.png'><img decoding=\"async\" width=\"300\" height=\"214\" src=\"https:\/\/www.montrealers.ca\/wp-content\/uploads\/2020\/06\/summer-chillin_scaled-down-300x214.png\" class=\"attachment-medium size-medium\" alt=\"\" aria-describedby=\"gallery-1-13896\" srcset=\"https:\/\/www.montrealers.ca\/wp-content\/uploads\/2020\/06\/summer-chillin_scaled-down-300x214.png 300w, https:\/\/www.montrealers.ca\/wp-content\/uploads\/2020\/06\/summer-chillin_scaled-down-350x250.png 350w, https:\/\/www.montrealers.ca\/wp-content\/uploads\/2020\/06\/summer-chillin_scaled-down-400x286.png 400w, https:\/\/www.montrealers.ca\/wp-content\/uploads\/2020\/06\/summer-chillin_scaled-down-430x307.png 430w, https:\/\/www.montrealers.ca\/wp-content\/uploads\/2020\/06\/summer-chillin_scaled-down-150x107.png 150w, https:\/\/www.montrealers.ca\/wp-content\/uploads\/2020\/06\/summer-chillin_scaled-down-100x71.png 100w, https:\/\/www.montrealers.ca\/wp-content\/uploads\/2020\/06\/summer-chillin_scaled-down.png 504w\" sizes=\"(max-width: 300px) 100vw, 300px\" \/><\/a>\n\t\t\t<\/div>\n\t\t\t\t<figcaption class='wp-caption-text gallery-caption' id='gallery-1-13896'>\n\t\t\t\tTristan Desjardins\n\t\t\t\t<\/figcaption><\/figure><figure class='gallery-item'>\n\t\t\t<div class='gallery-icon portrait'>\n\t\t\t\t<a href='https:\/\/www.montrealers.ca\/wp-content\/uploads\/2020\/06\/Label_T101.png'><img decoding=\"async\" width=\"214\" height=\"300\" src=\"https:\/\/www.montrealers.ca\/wp-content\/uploads\/2020\/06\/Label_T101-214x300.png\" class=\"attachment-medium size-medium\" alt=\"\" aria-describedby=\"gallery-1-13927\" srcset=\"https:\/\/www.montrealers.ca\/wp-content\/uploads\/2020\/06\/Label_T101-214x300.png 214w, https:\/\/www.montrealers.ca\/wp-content\/uploads\/2020\/06\/Label_T101-731x1024.png 731w, https:\/\/www.montrealers.ca\/wp-content\/uploads\/2020\/06\/Label_T101-400x560.png 400w, https:\/\/www.montrealers.ca\/wp-content\/uploads\/2020\/06\/Label_T101-430x602.png 430w, https:\/\/www.montrealers.ca\/wp-content\/uploads\/2020\/06\/Label_T101-150x210.png 150w, https:\/\/www.montrealers.ca\/wp-content\/uploads\/2020\/06\/Label_T101-100x140.png 100w, https:\/\/www.montrealers.ca\/wp-content\/uploads\/2020\/06\/Label_T101-600x840.png 600w, https:\/\/www.montrealers.ca\/wp-content\/uploads\/2020\/06\/Label_T101.png 750w\" sizes=\"(max-width: 214px) 100vw, 214px\" \/><\/a>\n\t\t\t<\/div>\n\t\t\t\t<figcaption class='wp-caption-text gallery-caption' id='gallery-1-13927'>\n\t\t\t\tVincent Roy\n\t\t\t\t<\/figcaption><\/figure>\n\t\t<\/div>\n<\/div>\n<\/div>\n<\/div>\n<div id=\"pg-13845-1\"  class=\"panel-grid panel-no-style\"  data-style=\"{&quot;background_image_attachment&quot;:false,&quot;background_display&quot;:&quot;tile&quot;,&quot;cell_alignment&quot;:&quot;flex-start&quot;}\"  data-ratio=\"1\"  data-ratio-direction=\"right\" >\n<div id=\"pgc-13845-1-0\"  class=\"panel-grid-cell\"  data-weight=\"1\" >\n<div id=\"panel-13845-1-0-0\" class=\"so-panel widget widget_text panel-first-child panel-last-child\" data-index=\"1\" data-style=\"{&quot;background_image_attachment&quot;:false,&quot;background_display&quot;:&quot;tile&quot;}\" >\n<h3 class=\"widget-title\">D\u00e9tails du concours<\/h3>\n<div class=\"textwidget\">\n<p>Salut MontreAlers,<\/p>\n<p>&nbsp;<\/p>\n<p>\u00catre coinc\u00e9 \u00e0 la maison et ne pas pouvoir sortir pour partager de la bi\u00e8re avec vos coll\u00e8gues MontreAlers a fait mousser votre cr\u00e9ativit\u00e9? Pour en profiter, nous avons d\u00e9cid\u00e9 d&#8217;organiser notre tout premier concours de cr\u00e9ation d&#8217;\u00e9tiquettes de bi\u00e8re avec de superbes prix :<\/p>\n<p>1<sup>iere<\/sup> Place :<\/p>\n<ul>\n<li>60 \u00c9tiquettes pour votre bi\u00e8re imprim\u00e9es par le commanditaire du club <a href=\"https:\/\/www.grogtag.com\/\" data-saferedirecturl=\"https:\/\/www.google.com\/url?q=https:\/\/www.grogtag.com\/&amp;source=gmail&amp;ust=1589576130913000&amp;usg=AFQjCNGGTppEkNgJT5khjBOeOJtHV0RiAA\">GrogTag<\/a><\/li>\n<li>Carte-cadeau GrogTag de 25 $<\/li>\n<li>1 Bouteille de Black Forest Cake Imperial Stout de Kahnawake Brewing Co.<\/li>\n<li>1 Bouteille de Wild Turkey Bourbon Barrel Aged Imperial Stout w\/ Vanilla de Kahnawake Brewing Co.<\/li>\n<li>1 Bouteille de Belgium Inspired Barrel Aged Sour Cherry Beer de Kahnawake Brewing Co.<\/li>\n<li>1x Growler MontreAlers<\/li>\n<li>1x T-shirt bleu MontreAlers<\/li>\n<li>Adh\u00e9sion gratuite d\u2019un an<\/li>\n<\/ul>\n<p>2<sup>e<\/sup> Place :<\/p>\n<ul>\n<li>Carte-cadeau GrogTag de 15 $<\/li>\n<li>1 Bouteille de Black Forest Cake Imperial Stout de Kahnawake Brewing Co.<\/li>\n<li>1 Bouteille de Wild Turkey Bourbon Barrel Aged Imperial Stout w\/ Vanilla de Kahnawake Brewing Co.<\/li>\n<li>1x Growler MontreAlers<\/li>\n<li>1x T-shirt bleu MontreAlers<\/li>\n<li>Adh\u00e9sion gratuite d\u2019un an<\/li>\n<\/ul>\n<p>3<sup>e<\/sup> Place :<\/p>\n<ul>\n<li>Carte-cadeau GrogTag de 10 $<\/li>\n<li>1 Bouteille de Black Forest Cake Imperial Stout de Kahnawake Brewing Co.<\/li>\n<li>1 Bouteille de Wild Turkey Bourbon Barrel Aged Imperial Stout w\/ Vanilla de Kahnawake Brewing Co.<\/li>\n<li>1x Growler MontreAlers<\/li>\n<li>Adh\u00e9sion gratuite d\u2019un an<\/li>\n<\/ul>\n<p>&nbsp;<\/p>\n<p><strong><u>R\u00e8gles:<\/u><\/strong><\/p>\n<p>Le concours n\u2019est ouvert qu\u2019aux membres actifs.<\/p>\n<p>L\u2019\u00e9tiquette doit \u00eatre de 2,5 &#8221; x 3,5&#8243; (Portrait) ou de 3,5&#8243; x 2,5&#8243; (Paysage).<\/p>\n<p>Assurez-vous d\u2019inclure un d\u00e9bord ext\u00e9rieur de sorte que l\u2019\u00e9tiquette soit ad\u00e9quate lorsqu\u2019elle est coup\u00e9e. (2,6&#8243; x 3,6&#8243; (Portrait) ou 3,6&#8243; x 2,6&#8243; (Paysage))<\/p>\n<p>Les images doivent \u00eatre 300 dpi<\/p>\n<p>Les mod\u00e8les sont disponibles ici :<br \/>\n<a href=\"https:\/\/www.grogtag.com\/t\/product-templates\" data-saferedirecturl=\"https:\/\/www.google.com\/url?q=https:\/\/www.grogtag.com\/t\/product-templates&amp;source=gmail&amp;ust=1589576130913000&amp;usg=AFQjCNHu9riOes7s7ilkBaeBMTcCUdpqtg\">https:\/\/www.grogtag.com\/t\/product-templates<\/a><\/p>\n<p>Les soumissions seront affich\u00e9es sur la page Web de MontreAlers ici :<br \/>\n<a href=\"https:\/\/www.montrealers.ca\/fr\/concours-etiquettes\/\" data-saferedirecturl=\"https:\/\/www.google.com\/url?q=https:\/\/www.montrealers.ca\/label-contest\/&amp;source=gmail&amp;ust=1589576130913000&amp;usg=AFQjCNEMAwVlsJ_QTcE1zOg67EYM7ecH0Q\">https:\/\/www.montrealers.ca\/label-contest\/<\/a><\/p>\n<p>La date limite pour les soumissions est la suivante <strong>: 14 juin 2020<\/strong><\/p>\n<p>Envoyez vos soumissions \u00e0 :<a href=\"mailto:officers@montrealers.ca?subject=Label%20Contest\"><strong> officers@montrealers.ca<\/strong><\/a><\/p>\n<p>Une soumission par membre.<\/p>\n<p>Le vote ne sera ouvert qu\u2019aux membres actifs.<\/p>\n<p>Chaque membre actif recevra un lien personnalis\u00e9 lorsque le vote d\u00e9butera.<\/p>\n<p>Le vote se terminera le <strong>21 juin 2020<\/strong><\/p>\n<\/div><\/div>\n<\/div>\n<\/div>\n<div id=\"pg-13845-2\"  class=\"panel-grid panel-no-style\"  data-style=\"{&quot;background_image_attachment&quot;:false,&quot;background_display&quot;:&quot;tile&quot;,&quot;cell_alignment&quot;:&quot;flex-start&quot;}\"  data-ratio=\"1\"  data-ratio-direction=\"right\" >\n<div id=\"pgc-13845-2-0\"  class=\"panel-grid-cell\"  data-weight=\"1\" >\n<div id=\"panel-13845-2-0-0\" class=\"so-panel widget widget_media_gallery panel-first-child\" data-index=\"2\" data-style=\"{&quot;background_image_attachment&quot;:false,&quot;background_display&quot;:&quot;tile&quot;}\" ><h3 class=\"widget-title\">Commanditaires du concours<\/h3><div id='gallery-2' class='gallery galleryid-13845 gallery-columns-3 gallery-size-thumbnail'><figure class='gallery-item'>\n\t\t\t<div class='gallery-icon landscape'>\n\t\t\t\t<a href='https:\/\/www.montrealers.ca\/wp-content\/uploads\/2019\/03\/Logo_Kahnawake_PNG.png'><img decoding=\"async\" width=\"150\" height=\"150\" src=\"https:\/\/www.montrealers.ca\/wp-content\/uploads\/2019\/03\/Logo_Kahnawake_PNG-150x150.png\" class=\"attachment-thumbnail size-thumbnail\" alt=\"\" srcset=\"https:\/\/www.montrealers.ca\/wp-content\/uploads\/2019\/03\/Logo_Kahnawake_PNG-150x150.png 150w, https:\/\/www.montrealers.ca\/wp-content\/uploads\/2019\/03\/Logo_Kahnawake_PNG-300x300.png 300w, https:\/\/www.montrealers.ca\/wp-content\/uploads\/2019\/03\/Logo_Kahnawake_PNG-100x100.png 100w\" sizes=\"(max-width: 150px) 100vw, 150px\" \/><\/a>\n\t\t\t<\/div><\/figure><figure class='gallery-item'>\n\t\t\t<div class='gallery-icon landscape'>\n\t\t\t\t<a href='https:\/\/www.montrealers.ca\/wp-content\/uploads\/2019\/03\/grogtag-logo-sprite.png'><img decoding=\"async\" width=\"150\" height=\"108\" src=\"https:\/\/www.montrealers.ca\/wp-content\/uploads\/2019\/03\/grogtag-logo-sprite-150x108.png\" class=\"attachment-thumbnail size-thumbnail\" alt=\"\" \/><\/a>\n\t\t\t<\/div><\/figure>\n\t\t<\/div>\n<\/div>\n<div id=\"panel-13845-2-0-1\" class=\"so-panel widget widget_media_gallery panel-last-child\" data-index=\"3\" data-style=\"{&quot;background_image_attachment&quot;:false,&quot;background_display&quot;:&quot;tile&quot;}\" ><h3 class=\"widget-title\">Prix<\/h3><div id='gallery-3' class='gallery galleryid-13845 gallery-columns-3 gallery-size-thumbnail'><figure class='gallery-item'>\n\t\t\t<div class='gallery-icon landscape'>\n\t\t\t\t<a href='https:\/\/www.montrealers.ca\/wp-content\/uploads\/2020\/05\/zmfbvsqacutcqts.jpg'><img decoding=\"async\" width=\"150\" height=\"150\" src=\"https:\/\/www.montrealers.ca\/wp-content\/uploads\/2020\/05\/zmfbvsqacutcqts-150x150.jpg\" class=\"attachment-thumbnail size-thumbnail\" alt=\"\" srcset=\"https:\/\/www.montrealers.ca\/wp-content\/uploads\/2020\/05\/zmfbvsqacutcqts-150x150.jpg 150w, https:\/\/www.montrealers.ca\/wp-content\/uploads\/2020\/05\/zmfbvsqacutcqts-300x300.jpg 300w, https:\/\/www.montrealers.ca\/wp-content\/uploads\/2020\/05\/zmfbvsqacutcqts-100x100.jpg 100w\" sizes=\"(max-width: 150px) 100vw, 150px\" \/><\/a>\n\t\t\t<\/div><\/figure><figure class='gallery-item'>\n\t\t\t<div class='gallery-icon portrait'>\n\t\t\t\t<a href='https:\/\/www.montrealers.ca\/wp-content\/uploads\/2019\/03\/growler.jpg'><img decoding=\"async\" width=\"150\" height=\"150\" src=\"https:\/\/www.montrealers.ca\/wp-content\/uploads\/2019\/03\/growler-150x150.jpg\" class=\"attachment-thumbnail size-thumbnail\" alt=\"\" srcset=\"https:\/\/www.montrealers.ca\/wp-content\/uploads\/2019\/03\/growler-150x150.jpg 150w, https:\/\/www.montrealers.ca\/wp-content\/uploads\/2019\/03\/growler-300x300.jpg 300w, https:\/\/www.montrealers.ca\/wp-content\/uploads\/2019\/03\/growler-100x100.jpg 100w\" sizes=\"(max-width: 150px) 100vw, 150px\" \/><\/a>\n\t\t\t<\/div><\/figure><figure class='gallery-item'>\n\t\t\t<div class='gallery-icon landscape'>\n\t\t\t\t<a href='https:\/\/www.montrealers.ca\/wp-content\/uploads\/2020\/05\/2020-05-14.jpg'><img decoding=\"async\" width=\"150\" height=\"150\" src=\"https:\/\/www.montrealers.ca\/wp-content\/uploads\/2020\/05\/2020-05-14-150x150.jpg\" class=\"attachment-thumbnail size-thumbnail\" alt=\"\" srcset=\"https:\/\/www.montrealers.ca\/wp-content\/uploads\/2020\/05\/2020-05-14-150x150.jpg 150w, https:\/\/www.montrealers.ca\/wp-content\/uploads\/2020\/05\/2020-05-14-300x300.jpg 300w, https:\/\/www.montrealers.ca\/wp-content\/uploads\/2020\/05\/2020-05-14-1024x1024.jpg 1024w, https:\/\/www.montrealers.ca\/wp-content\/uploads\/2020\/05\/2020-05-14-768x768.jpg 768w, https:\/\/www.montrealers.ca\/wp-content\/uploads\/2020\/05\/2020-05-14-750x750.jpg 750w, https:\/\/www.montrealers.ca\/wp-content\/uploads\/2020\/05\/2020-05-14-400x400.jpg 400w, https:\/\/www.montrealers.ca\/wp-content\/uploads\/2020\/05\/2020-05-14-430x430.jpg 430w, https:\/\/www.montrealers.ca\/wp-content\/uploads\/2020\/05\/2020-05-14-100x100.jpg 100w, https:\/\/www.montrealers.ca\/wp-content\/uploads\/2020\/05\/2020-05-14-600x600.jpg 600w, https:\/\/www.montrealers.ca\/wp-content\/uploads\/2020\/05\/2020-05-14.jpg 1080w\" sizes=\"(max-width: 150px) 100vw, 150px\" \/><\/a>\n\t\t\t<\/div><\/figure><figure class='gallery-item'>\n\t\t\t<div class='gallery-icon landscape'>\n\t\t\t\t<a href='https:\/\/www.montrealers.ca\/wp-content\/uploads\/2020\/05\/2020-05-14-2.jpg'><img decoding=\"async\" width=\"150\" height=\"150\" src=\"https:\/\/www.montrealers.ca\/wp-content\/uploads\/2020\/05\/2020-05-14-2-150x150.jpg\" class=\"attachment-thumbnail size-thumbnail\" alt=\"\" srcset=\"https:\/\/www.montrealers.ca\/wp-content\/uploads\/2020\/05\/2020-05-14-2-150x150.jpg 150w, https:\/\/www.montrealers.ca\/wp-content\/uploads\/2020\/05\/2020-05-14-2-300x300.jpg 300w, https:\/\/www.montrealers.ca\/wp-content\/uploads\/2020\/05\/2020-05-14-2-1024x1024.jpg 1024w, https:\/\/www.montrealers.ca\/wp-content\/uploads\/2020\/05\/2020-05-14-2-768x768.jpg 768w, https:\/\/www.montrealers.ca\/wp-content\/uploads\/2020\/05\/2020-05-14-2-750x750.jpg 750w, https:\/\/www.montrealers.ca\/wp-content\/uploads\/2020\/05\/2020-05-14-2-400x400.jpg 400w, https:\/\/www.montrealers.ca\/wp-content\/uploads\/2020\/05\/2020-05-14-2-430x430.jpg 430w, https:\/\/www.montrealers.ca\/wp-content\/uploads\/2020\/05\/2020-05-14-2-100x100.jpg 100w, https:\/\/www.montrealers.ca\/wp-content\/uploads\/2020\/05\/2020-05-14-2-600x600.jpg 600w, https:\/\/www.montrealers.ca\/wp-content\/uploads\/2020\/05\/2020-05-14-2.jpg 1080w\" sizes=\"(max-width: 150px) 100vw, 150px\" \/><\/a>\n\t\t\t<\/div><\/figure><figure class='gallery-item'>\n\t\t\t<div class='gallery-icon landscape'>\n\t\t\t\t<a href='https:\/\/www.montrealers.ca\/wp-content\/uploads\/2020\/05\/2020-05-14-1.jpg'><img decoding=\"async\" width=\"150\" height=\"150\" src=\"https:\/\/www.montrealers.ca\/wp-content\/uploads\/2020\/05\/2020-05-14-1-150x150.jpg\" class=\"attachment-thumbnail size-thumbnail\" alt=\"\" srcset=\"https:\/\/www.montrealers.ca\/wp-content\/uploads\/2020\/05\/2020-05-14-1-150x150.jpg 150w, https:\/\/www.montrealers.ca\/wp-content\/uploads\/2020\/05\/2020-05-14-1-300x300.jpg 300w, https:\/\/www.montrealers.ca\/wp-content\/uploads\/2020\/05\/2020-05-14-1-1024x1024.jpg 1024w, https:\/\/www.montrealers.ca\/wp-content\/uploads\/2020\/05\/2020-05-14-1-768x768.jpg 768w, https:\/\/www.montrealers.ca\/wp-content\/uploads\/2020\/05\/2020-05-14-1-750x750.jpg 750w, https:\/\/www.montrealers.ca\/wp-content\/uploads\/2020\/05\/2020-05-14-1-400x400.jpg 400w, https:\/\/www.montrealers.ca\/wp-content\/uploads\/2020\/05\/2020-05-14-1-430x430.jpg 430w, https:\/\/www.montrealers.ca\/wp-content\/uploads\/2020\/05\/2020-05-14-1-100x100.jpg 100w, https:\/\/www.montrealers.ca\/wp-content\/uploads\/2020\/05\/2020-05-14-1-600x600.jpg 600w, https:\/\/www.montrealers.ca\/wp-content\/uploads\/2020\/05\/2020-05-14-1.jpg 1080w\" sizes=\"(max-width: 150px) 100vw, 150px\" \/><\/a>\n\t\t\t<\/div><\/figure>\n\t\t<\/div>\n<\/div>\n<\/div>\n<\/div>\n<\/div>\n","protected":false},"excerpt":{"rendered":"<p>D\u00e9tails du concours Salut MontreAlers, &nbsp; \u00catre coinc\u00e9 \u00e0 la maison et ne pas pouvoir sortir pour partager de la bi\u00e8re avec vos coll\u00e8gues MontreAlers a fait mousser votre cr\u00e9ativit\u00e9? [&hellip;]<\/p>\n","protected":false},"author":1,"featured_media":0,"parent":0,"menu_order":0,"comment_status":"closed","ping_status":"closed","template":"","meta":{"footnotes":""},"class_list":["post-13845","page","type-page","status-publish","hentry"],"_links":{"self":[{"href":"https:\/\/www.montrealers.ca\/fr\/wp-json\/wp\/v2\/pages\/13845","targetHints":{"allow":["GET"]}}],"collection":[{"href":"https:\/\/www.montrealers.ca\/fr\/wp-json\/wp\/v2\/pages"}],"about":[{"href":"https:\/\/www.montrealers.ca\/fr\/wp-json\/wp\/v2\/types\/page"}],"author":[{"embeddable":true,"href":"https:\/\/www.montrealers.ca\/fr\/wp-json\/wp\/v2\/users\/1"}],"replies":[{"embeddable":true,"href":"https:\/\/www.montrealers.ca\/fr\/wp-json\/wp\/v2\/comments?post=13845"}],"version-history":[{"count":29,"href":"https:\/\/www.montrealers.ca\/fr\/wp-json\/wp\/v2\/pages\/13845\/revisions"}],"predecessor-version":[{"id":13945,"href":"https:\/\/www.montrealers.ca\/fr\/wp-json\/wp\/v2\/pages\/13845\/revisions\/13945"}],"wp:attachment":[{"href":"https:\/\/www.montrealers.ca\/fr\/wp-json\/wp\/v2\/media?parent=13845"}],"curies":[{"name":"wp","href":"https:\/\/api.w.org\/{rel}","templated":true}]}}