{"id":14640,"date":"2022-11-26T12:13:22","date_gmt":"2022-11-26T17:13:22","guid":{"rendered":"https:\/\/www.montrealers.ca\/christopher-needelman-memorial-ironaler-2023\/"},"modified":"2022-11-26T13:48:57","modified_gmt":"2022-11-26T18:48:57","slug":"christopher-needelman-memorial-ironaler-2023","status":"publish","type":"page","link":"https:\/\/www.montrealers.ca\/fr\/christopher-needelman-memorial-ironaler-2023\/","title":{"rendered":"Christopher Needelman Memorial IronAler 2023"},"content":{"rendered":"\n<p>Une autre belle annonce cette semaine: le Club de brasseurs amateurs MontreAlers annonce la tenue du concours Christopher Needelman Memorial IronAler 2023 le 4 f\u00e9vrier 2023.<\/p>\n\n<p>Vingt \u00e9quipes de 4 brasseurs maximum (tous doivent \u00eatre membres en r\u00e8gle des MontreAlers &#8211; <a href=\"https:\/\/www.montrealers.ca\/fr\/plans-dadhesion\/\">cliquez ici pour devenir membre<\/a>) s\u2019affronteront pour pr\u00e9senter leur bi\u00e8re qu\u2019ils auront brass\u00e9e \u00e0 partir d\u2019une bo\u00eete myst\u00e8re d\u2019ingr\u00e9dients qui leur sera remise \u00e0 la fin novembre. Le d\u00e9tail des r\u00e8gles peut \u00eatre consult\u00e9 <a href=\"https:\/\/www.montrealers.ca\/wp-content\/uploads\/2022\/11\/Regles-du-IronAler-2023.pdf\">ici<\/a>.<\/p>\n\n<p>Les bi\u00e8res seront jug\u00e9es par un jury compos\u00e9 de brasseurs maison et de juges d\u2019exp\u00e9rience. participera \u00e9galement \u00e0 juger les bi\u00e8res de la comp\u00e9tition.<\/p>\n\n<p>Alors pr\u00e9parez votre \u00e9quipe! Et surveillez le forum: l\u2019ouverture des inscriptions se fera ce dimanche 13 novembre \u00e0 7:00.<\/p>\n\n<p>Sant\u00e9!<\/p>\n\n<p>Les officiers du Club<\/p>\n\n<h3 class=\"wp-block-heading\"><strong>QU\u2019EST-CE QUE IRONALER?<\/strong><\/h3>\n\n<p>Ce format amusant et cr\u00e9atif est de plus en plus populaire dans le monde du brassage amateur. Si vous n\u2019\u00eates pas familier avec la formule, chaque participant, ou \u00e9quipe, se voir fournir une bo\u00eete myst\u00e8re avec les m\u00eames ingr\u00e9dients pour tous et un laps de temps d\u00e9finis pour brasser 20 litre de la bi\u00e8re de leur choix, en utilisant uniquement les ingr\u00e9dients fournis dans la bo\u00eete !<\/p>\n\n<p>La comp\u00e9tition culmine avec la tenue d\u2019un gala ou les brasseurs devront pr\u00e9senter et promouvoir leur bi\u00e8re. C\u2019est \u00e0 ce moment que tout le monde, les juges et le publique, pourrons voter pour leur favoris. Les gagnants seront r\u00e9compens\u00e9s avec de superbe prix provenant de nos tr\u00e8s g\u00e9n\u00e9reux commanditaires!<\/p>\n\n<h3 class=\"wp-block-heading\">Commanditaires<\/h3>\n\n<figure class=\"wp-block-gallery has-nested-images columns-default is-cropped wp-block-gallery-1 is-layout-flex wp-block-gallery-is-layout-flex\">\n<figure class=\"wp-block-image size-large is-style-default\"><a href=\"https:\/\/www.moutinternational.com\/\"><img decoding=\"async\" width=\"1024\" height=\"1024\" data-id=\"14625\" src=\"https:\/\/www.montrealers.ca\/wp-content\/uploads\/2022\/11\/Mout-International-1-1024x1024.png\" alt=\"\" class=\"wp-image-14625\" srcset=\"https:\/\/www.montrealers.ca\/wp-content\/uploads\/2022\/11\/Mout-International-1-1024x1024.png 1024w, https:\/\/www.montrealers.ca\/wp-content\/uploads\/2022\/11\/Mout-International-1-300x300.png 300w, https:\/\/www.montrealers.ca\/wp-content\/uploads\/2022\/11\/Mout-International-1-150x150.png 150w, https:\/\/www.montrealers.ca\/wp-content\/uploads\/2022\/11\/Mout-International-1-768x768.png 768w, https:\/\/www.montrealers.ca\/wp-content\/uploads\/2022\/11\/Mout-International-1-1536x1536.png 1536w, https:\/\/www.montrealers.ca\/wp-content\/uploads\/2022\/11\/Mout-International-1-750x750.png 750w, https:\/\/www.montrealers.ca\/wp-content\/uploads\/2022\/11\/Mout-International-1-400x400.png 400w, https:\/\/www.montrealers.ca\/wp-content\/uploads\/2022\/11\/Mout-International-1-430x430.png 430w, https:\/\/www.montrealers.ca\/wp-content\/uploads\/2022\/11\/Mout-International-1-100x100.png 100w, https:\/\/www.montrealers.ca\/wp-content\/uploads\/2022\/11\/Mout-International-1.png 1637w\" sizes=\"(max-width: 1024px) 100vw, 1024px\" \/><\/a><\/figure>\n\n\n\n<figure class=\"wp-block-image size-full\"><a href=\"https:\/\/houblonbastien.com\/\"><img decoding=\"async\" width=\"600\" height=\"600\" data-id=\"14633\" src=\"https:\/\/www.montrealers.ca\/wp-content\/uploads\/2022\/11\/Bastien-square.png\" alt=\"\" class=\"wp-image-14633\" srcset=\"https:\/\/www.montrealers.ca\/wp-content\/uploads\/2022\/11\/Bastien-square.png 600w, https:\/\/www.montrealers.ca\/wp-content\/uploads\/2022\/11\/Bastien-square-300x300.png 300w, https:\/\/www.montrealers.ca\/wp-content\/uploads\/2022\/11\/Bastien-square-150x150.png 150w, https:\/\/www.montrealers.ca\/wp-content\/uploads\/2022\/11\/Bastien-square-400x400.png 400w, https:\/\/www.montrealers.ca\/wp-content\/uploads\/2022\/11\/Bastien-square-430x430.png 430w, https:\/\/www.montrealers.ca\/wp-content\/uploads\/2022\/11\/Bastien-square-100x100.png 100w\" sizes=\"(max-width: 600px) 100vw, 600px\" \/><\/a><\/figure>\n\n\n\n<figure class=\"wp-block-image size-large\"><a href=\"http:\/\/www.hoppy.ca\/\"><img decoding=\"async\" width=\"1024\" height=\"1024\" data-id=\"14585\" src=\"https:\/\/www.montrealers.ca\/wp-content\/uploads\/2019\/03\/logo_officiel-couleur-combinaison-1-1024x1024.png\" alt=\"\" class=\"wp-image-14585\" srcset=\"https:\/\/www.montrealers.ca\/wp-content\/uploads\/2019\/03\/logo_officiel-couleur-combinaison-1-1024x1024.png 1024w, https:\/\/www.montrealers.ca\/wp-content\/uploads\/2019\/03\/logo_officiel-couleur-combinaison-1-300x300.png 300w, https:\/\/www.montrealers.ca\/wp-content\/uploads\/2019\/03\/logo_officiel-couleur-combinaison-1-150x150.png 150w, https:\/\/www.montrealers.ca\/wp-content\/uploads\/2019\/03\/logo_officiel-couleur-combinaison-1-768x768.png 768w, https:\/\/www.montrealers.ca\/wp-content\/uploads\/2019\/03\/logo_officiel-couleur-combinaison-1-1536x1536.png 1536w, https:\/\/www.montrealers.ca\/wp-content\/uploads\/2019\/03\/logo_officiel-couleur-combinaison-1-2048x2048.png 2048w, https:\/\/www.montrealers.ca\/wp-content\/uploads\/2019\/03\/logo_officiel-couleur-combinaison-1-750x750.png 750w, https:\/\/www.montrealers.ca\/wp-content\/uploads\/2019\/03\/logo_officiel-couleur-combinaison-1-400x400.png 400w, https:\/\/www.montrealers.ca\/wp-content\/uploads\/2019\/03\/logo_officiel-couleur-combinaison-1-430x430.png 430w, https:\/\/www.montrealers.ca\/wp-content\/uploads\/2019\/03\/logo_officiel-couleur-combinaison-1-100x100.png 100w\" sizes=\"(max-width: 1024px) 100vw, 1024px\" \/><\/a><\/figure>\n\n\n\n<figure class=\"wp-block-image size-full\"><a href=\"https:\/\/hopsconnect.com\/\"><img decoding=\"async\" width=\"400\" height=\"400\" data-id=\"14629\" src=\"https:\/\/www.montrealers.ca\/wp-content\/uploads\/2022\/11\/hops_connect-square.png\" alt=\"\" class=\"wp-image-14629\" srcset=\"https:\/\/www.montrealers.ca\/wp-content\/uploads\/2022\/11\/hops_connect-square.png 400w, https:\/\/www.montrealers.ca\/wp-content\/uploads\/2022\/11\/hops_connect-square-300x300.png 300w, https:\/\/www.montrealers.ca\/wp-content\/uploads\/2022\/11\/hops_connect-square-150x150.png 150w, https:\/\/www.montrealers.ca\/wp-content\/uploads\/2022\/11\/hops_connect-square-100x100.png 100w\" sizes=\"(max-width: 400px) 100vw, 400px\" \/><\/a><\/figure>\n\n\n\n<figure class=\"wp-block-image size-full\"><a href=\"https:\/\/fermentis.com\/en\/fermentation-solutions\/beer\/\"><img decoding=\"async\" width=\"917\" height=\"917\" data-id=\"14631\" src=\"https:\/\/www.montrealers.ca\/wp-content\/uploads\/2022\/11\/Fermentis-square.png\" alt=\"\" class=\"wp-image-14631\" srcset=\"https:\/\/www.montrealers.ca\/wp-content\/uploads\/2022\/11\/Fermentis-square.png 917w, https:\/\/www.montrealers.ca\/wp-content\/uploads\/2022\/11\/Fermentis-square-300x300.png 300w, https:\/\/www.montrealers.ca\/wp-content\/uploads\/2022\/11\/Fermentis-square-150x150.png 150w, https:\/\/www.montrealers.ca\/wp-content\/uploads\/2022\/11\/Fermentis-square-768x768.png 768w, https:\/\/www.montrealers.ca\/wp-content\/uploads\/2022\/11\/Fermentis-square-750x750.png 750w, https:\/\/www.montrealers.ca\/wp-content\/uploads\/2022\/11\/Fermentis-square-400x400.png 400w, https:\/\/www.montrealers.ca\/wp-content\/uploads\/2022\/11\/Fermentis-square-430x430.png 430w, https:\/\/www.montrealers.ca\/wp-content\/uploads\/2022\/11\/Fermentis-square-100x100.png 100w\" sizes=\"(max-width: 917px) 100vw, 917px\" \/><\/a><\/figure>\n\n\n\n<figure class=\"wp-block-image size-full\"><a href=\"https:\/\/www.lallemand.com\/our-business\/brewing\/\"><img decoding=\"async\" width=\"296\" height=\"296\" data-id=\"14627\" src=\"https:\/\/www.montrealers.ca\/wp-content\/uploads\/2022\/11\/Lallemand-Square.png\" alt=\"\" class=\"wp-image-14627\" srcset=\"https:\/\/www.montrealers.ca\/wp-content\/uploads\/2022\/11\/Lallemand-Square.png 296w, https:\/\/www.montrealers.ca\/wp-content\/uploads\/2022\/11\/Lallemand-Square-150x150.png 150w, https:\/\/www.montrealers.ca\/wp-content\/uploads\/2022\/11\/Lallemand-Square-100x100.png 100w\" sizes=\"(max-width: 296px) 100vw, 296px\" \/><\/a><\/figure>\n<\/figure>\n\n<h3 class=\"wp-block-heading\">Billets<\/h3>\n\n<p>TBA<\/p>\n\n<h3 class=\"wp-block-heading\">\u00c9quipes<\/h3>\n\n<p><\/p>\n\n<ul class=\"wp-block-list\">\n<li>TBA<\/li>\n<\/ul>\n\n<p>Sans des commanditaires exceptionnels, cette comp\u00e9tition n&rsquo;existerait pas. Nous voudrions remercier nos commanditaires pour leur g\u00e9n\u00e9rosit\u00e9. Cette ann\u00e9e, nous avons la plus grande bo\u00eete myst\u00e8re \u00e0 ce jour!<\/p>\n\n<p><\/p>\n\n<h3 class=\"wp-block-heading\">Ingr\u00e9dients<\/h3>\n\n<figure class=\"wp-block-table is-style-regular\"><table><tbody><tr><td><strong>MALTS DE BASE<\/strong><\/td><td><strong>Qt\u00e9<\/strong><\/td><\/tr><tr><td>Innomalt &#8211; Pilsner traditionnel<\/td><td>4 kg<\/td><\/tr><tr><td>Canada Malting 6-Row<\/td><td>4 kg<\/td><\/tr><tr><td>Briess Golden Light DME<\/td><td>1 kg<\/td><\/tr><tr><td><strong>MALTS DE SP\u00c9CIALIT\u00c9<\/strong><\/td><td><strong>Qt\u00e9<\/strong><\/td><\/tr><tr><td>Innomalt bl\u00e9 rouge<\/td><td>2 kg<\/td><\/tr><tr><td>Innomalt M2<\/td><td>1 kg<\/td><\/tr><tr><td>Malt Broue Seigle malt\u00e9<\/td><td>1 kg<\/td><\/tr><tr><td>Maltraiteur S\u00e9rie &#8211; Le Tourailleur<\/td><td>1 kg<\/td><\/tr><tr><td>OiO Flocons de riz grill\u00e9<\/td><td>1 kg<\/td><\/tr><tr><td><strong>HOUBLONS<\/strong><\/td><td><strong>Qt\u00e9<\/strong><\/td><\/tr><tr><td>Bastien Cascade<\/td><td>100 g<\/td><\/tr><tr><td>Bastien Centennial<\/td><td>100 g<\/td><\/tr><tr><td>Bastien Chinook<\/td><td>100 g<\/td><\/tr><tr><td>Bastien Crystal<\/td><td>100 g<\/td><\/tr><tr><td>Bastien Glacier<\/td><td>100 g<\/td><\/tr><tr><td>Bastien Triple Perle<\/td><td>100 g<\/td><\/tr><tr><td>Hoppy Mandarina Bavaria<\/td><td>4 oz<\/td><\/tr><tr><td>Hoppy Kohatu<\/td><td>4 oz<\/td><\/tr><tr><td>Hops Connect Amarillo T45<\/td><td>100 g<\/td><\/tr><tr><td>Hops Connect Sasquatch<\/td><td>100 g<\/td><\/tr><tr><td><strong>LEVURES<\/strong><\/td><td><br\/><\/td><\/tr><tr><td>Fermentis Safale K-97<\/td><td>11.5 g<\/td><\/tr><tr><td>Lallemand LalBrew Farmhouse<\/td><td>11.5 g<\/td><\/tr><tr><td>Lallemand WildBrew Philly Sour<\/td><td>7.5 g<\/td><\/tr><tr><td>Lallemand LalBrew Voss<\/td><td>7.5 g<\/td><\/tr><\/tbody><\/table><\/figure>\n\n<h3 class=\"wp-block-heading\">Gagnants<\/h3>\n\n<p>C\u2019est avec grand plaisir que nous annon\u00e7ons les gagnants du Christopher Needelman Memorial IronAler 2023. <\/p>\n\n<p><strong>Juges\nVote<\/strong><\/p>\n\n<p>1<sup>\u00e8re<\/sup> place: TBA<\/p>\n\n<p>2<sup>\u00e8me<\/sup> place: TBA<\/p>\n\n<p>3<sup>\u00e8me<\/sup> place: TBA<\/p>\n\n<p>4<sup>\u00e8me<\/sup> place: TBA<\/p>\n\n<p>5<sup>\u00e8me<\/sup> place: TBA<\/p>\n\n<p><strong>Public Vote<\/strong><\/p>\n\n<p>1<sup>\u00e8re<\/sup> place Vote populaire:TBA<\/p>\n\n<p>2e<sup>place Vote<\/sup> populaire: TBA<\/p>\n","protected":false},"excerpt":{"rendered":"<p>Une autre belle annonce cette semaine: le Club de brasseurs amateurs MontreAlers annonce la tenue du concours Christopher Needelman Memorial IronAler 2023 le 4 f\u00e9vrier 2023. Vingt \u00e9quipes de 4 [&hellip;]<\/p>\n","protected":false},"author":1,"featured_media":0,"parent":0,"menu_order":0,"comment_status":"closed","ping_status":"closed","template":"page_fullwidth.php","meta":{"footnotes":""},"class_list":["post-14640","page","type-page","status-publish","hentry"],"_links":{"self":[{"href":"https:\/\/www.montrealers.ca\/fr\/wp-json\/wp\/v2\/pages\/14640","targetHints":{"allow":["GET"]}}],"collection":[{"href":"https:\/\/www.montrealers.ca\/fr\/wp-json\/wp\/v2\/pages"}],"about":[{"href":"https:\/\/www.montrealers.ca\/fr\/wp-json\/wp\/v2\/types\/page"}],"author":[{"embeddable":true,"href":"https:\/\/www.montrealers.ca\/fr\/wp-json\/wp\/v2\/users\/1"}],"replies":[{"embeddable":true,"href":"https:\/\/www.montrealers.ca\/fr\/wp-json\/wp\/v2\/comments?post=14640"}],"version-history":[{"count":3,"href":"https:\/\/www.montrealers.ca\/fr\/wp-json\/wp\/v2\/pages\/14640\/revisions"}],"predecessor-version":[{"id":14663,"href":"https:\/\/www.montrealers.ca\/fr\/wp-json\/wp\/v2\/pages\/14640\/revisions\/14663"}],"wp:attachment":[{"href":"https:\/\/www.montrealers.ca\/fr\/wp-json\/wp\/v2\/media?parent=14640"}],"curies":[{"name":"wp","href":"https:\/\/api.w.org\/{rel}","templated":true}]}}