{"id":4864,"date":"2019-03-19T08:55:07","date_gmt":"2019-03-19T12:55:07","guid":{"rendered":"https:\/\/www.montrealers.ca\/brasseur-de-lannee-2015\/"},"modified":"2019-03-19T08:55:07","modified_gmt":"2019-03-19T12:55:07","slug":"brasseur-de-lannee-2015","status":"publish","type":"page","link":"https:\/\/www.montrealers.ca\/fr\/brasseur-de-lannee-2015\/","title":{"rendered":"Brasseur de l&rsquo;Ann\u00e9e 2015"},"content":{"rendered":"<p style=\"text-align: center;\"><a href=\"http:\/\/www.bjcp.com\" target=\"_blank\" rel=\"noopener noreferrer\"><img decoding=\"async\" src=\"https:\/\/www.montrealers.ca\/wp-content\/uploads\/2019\/03\/bjcp.png\" alt=\"BJCP.com\"><\/a><a href=\"http:\/\/www.breweroftheyear.com\" target=\"_blank\" rel=\"noopener noreferrer\"><img decoding=\"async\" src=\"http:\/\/www.breweroftheyear.com\/wp-content\/uploads\/logov3.png\" alt=\"BOTY\"><\/a><\/p>\n<p>Cette ann\u00e9e, nous organisons une comp\u00e9tition interne pour le titre de <strong>Brasseur de l&rsquo;Ann\u00e9e des MontreAlers<\/strong>!<\/p>\n<p><strong>Comment \u00e7a marche:<\/strong> Nous utiliserons le m\u00eame syst\u00e8me de pointage que <a href=\"http:\/\/www.breweroftheyear.com\" target=\"_blank\" rel=\"noopener noreferrer\"><strong>BrewerOfTheYear.com<\/strong><\/a> (1\u00e8re place = 3pts, 2\u00e8me place = 2pts, 3\u00e8me place = 1Pts, mention honorable = 0.5 pts). Le membre MontreAler qui accumulera le plus de points \u00e0 la fin de l&rsquo;ann\u00e9e remportera le titre de top brasseur du club et un beau prix! Nous annoncerons le(s) prix plus tard.<\/p>\n<p><strong>Quelles sont les comp\u00e9titions:<\/strong>Veuillez consulter la page<a href=\"http:\/\/www.breweroftheyear.com\/competitions\/\" target=\"_blank\" rel=\"noopener noreferrer\"><strong>Comp\u00e9titions sur le site BrewerOfTheYear.com.<\/strong><\/a> Nous annoncerons les comp\u00e9titions suppl\u00e9mentaires via la <a href=\"http:\/\/www.montrealers.ca\/en\/mailing-list\/\">liste de courriel<\/a>, le site Internet (voir ci-dessous), et notre <a href=\"https:\/\/www.facebook.com\/montrealershomebrewing\" target=\"_blank\" rel=\"noopener noreferrer\"><strong>page Facebook.<\/strong><\/a><\/p>\n<p><strong>Quand est-ce que le\/la gagnant(e) sera annonc\u00e9:<\/strong> Nous annoncerons le\/la gagnant(e) lors de la f\u00eate de No\u00ebl du club (D\u00e9cembre 2015).<\/p>\n<h3>Comp\u00e9titions \u00e0 venir<\/h3>\n<table border=\"0\" width=\"100%\" cellspacing=\"0\" cellpadding=\"0\">\n<tbody>\n<tr>\n<th>Date<\/th>\n<th>Nom de la comp\u00e9tition<\/th>\n<th>Club d&rsquo;h\u00e9bergement<\/th>\n<th>Ville<\/th>\n<th>Soumission<br \/>\nDate limite<\/th>\n<\/tr>\n<tr>\n<td>24-28 f\u00e9vrier, 2015<\/td>\n<td><a href=\"http:\/\/www.yeastwranglers.ca\/Competitions\/Roundup15\/tabid\/432\/Default.aspx\" target=\"_blank\" rel=\"noopener noreferrer\">Cowtown Homebrew Roundup<\/a><\/td>\n<td>Cowtown Yeast Wranglers<\/td>\n<td>Calgary, AB<\/td>\n<td>20 f\u00e9vrier 2015<\/td>\n<\/tr>\n<tr>\n<td>7 mars 2015<\/td>\n<td><a href=\"http:\/\/www.ocbrewmaster.com\/2015-competition\/\" target=\"_blank\" rel=\"noopener noreferrer\">Mountain View Homebrew Open<\/a><\/td>\n<td>Olds College Brewmaster &amp; Brewery Operations Program<\/td>\n<td>St. Olds, AB<\/td>\n<td>23 f\u00e9vrier 2015<\/td>\n<\/tr>\n<tr>\n<td>5-7 mars, 2015<\/td>\n<td><a href=\"http:\/\/www.werthogs.com\/2.html\" target=\"_blank\" rel=\"noopener noreferrer\">2015 Lethbridge Werthogs WertContest<\/a><\/td>\n<td>Lethbridge Werthogs<\/td>\n<td>Lethbridge, AB<\/td>\n<td>Le 27 f\u00e9vrier 2015<\/td>\n<\/tr>\n<tr>\n<td>6-11 avril, 2015<\/td>\n<td><a href=\"http:\/\/www.alesclub.com\/event\/2015-ales-open\/\" target=\"_blank\" rel=\"noopener noreferrer\">ALES Open 2015<\/a><\/td>\n<td>ALES Club<\/td>\n<td>Regina, Saskatchewan<\/td>\n<td>2 avril 2015<\/td>\n<\/tr>\n<tr>\n<td>1er mai 2015<\/td>\n<td><a href=\"http:\/\/2015.vanbrewerawards.ca\/\" target=\"_blank\" rel=\"noopener noreferrer\">VanBrewers Awards<\/a><\/td>\n<td>VanBrewers<\/td>\n<td>Vancouver, BC<\/td>\n<td>1er mai 2015<\/td>\n<\/tr>\n<tr>\n<td>15 mai 2015<\/td>\n<td><a href=\"http:\/\/new.ehg.ca\/abc\/\" target=\"_blank\" rel=\"noopener noreferrer\">Edmonton Homebrewers<br \/>\nAurora Brewing Challenge<\/a><\/td>\n<td>EHG<\/td>\n<td>Edmonton, AB<\/td>\n<td>15 mai 2015<\/td>\n<\/tr>\n<tr>\n<td>23-24 mai, 2015<\/td>\n<td><a href=\"http:\/\/brewnosers.org\/competition\/\" target=\"_blank\" rel=\"noopener noreferrer\">Brewnosers Homebrew Competition<\/a><\/td>\n<td>Brewnosers<\/td>\n<td>Halifax, NS<\/td>\n<td>15 mai 2015<\/td>\n<\/tr>\n<tr>\n<td>27-28 juin, 2015<\/td>\n<td><a href=\"http:\/\/becausebeer.ca\/competition\/\" target=\"_blank\" rel=\"noopener noreferrer\">Because Beer 2015<\/a><\/td>\n<td>Because Beer Craft Beer Festival<\/td>\n<td>Hamilton, ON<\/td>\n<td>19 juin 2015<\/td>\n<\/tr>\n<tr>\n<td>24 juillet 2015<\/td>\n<td><a href=\"http:\/\/nchb.ottawabrewing.com\/\" target=\"_blank\" rel=\"noopener noreferrer\">National Capital Homebrew Competition<\/a><\/td>\n<td>Ottawa Beer Week<\/td>\n<td>Ottawa, ON<\/td>\n<td>23 juillet 2015<\/td>\n<\/tr>\n<tr>\n<td>8-9 ao\u00fbt, 2015<\/td>\n<td><a href=\"http:\/\/www.londonbrewers.ca\/\" target=\"_blank\" rel=\"noopener noreferrer\">LHG Homebrew Competition<\/a><\/td>\n<td>London Homebrewing Guild<\/td>\n<td>London, ON<\/td>\n<td>31 juillet 2015<\/td>\n<\/tr>\n<tr>\n<td>5 septembre 2015<\/td>\n<td><a href=\"http:\/\/comp.barleyment.ca\/competition\/\" target=\"_blank\" rel=\"noopener noreferrer\">MoB &amp; Beau&rsquo;s Oktoberfest Homebrewing Competition<\/a><\/td>\n<td>Member of Barleyment \/ Beau&rsquo;s All Natural<\/td>\n<td>Ottawa, ON \/ Vankleek Hill, ON<\/td>\n<td>5 septembre 2015<\/td>\n<\/tr>\n<tr>\n<td>19 septembre 2015<\/td>\n<td><a href=\"http:\/\/saskatoonheadhunters.ca\/\" target=\"_blank\" rel=\"noopener noreferrer\">Saskatoon Headhunters Brewing Competition<\/a><\/td>\n<td>Saskatoon Headhunters<\/td>\n<td>Saskatoon, SK<\/td>\n<td>4 septembre 2015<\/td>\n<\/tr>\n<tr>\n<td>25 septembre 2015<\/td>\n<td><a href=\"http:\/\/www.gtabrews.ca\/brewslam\/\" target=\"_blank\" rel=\"noopener noreferrer\">GTA Brew Slam 2015<\/a><\/td>\n<td>GTA<\/td>\n<td>Toronto, ON<\/td>\n<td>25 septembre 2015<\/td>\n<\/tr>\n<tr>\n<td>16 octobre 2015<\/td>\n<td><a href=\"http:\/\/winnipegbrewbombers.ca\/proam-challenge\/\" target=\"_blank\" rel=\"noopener noreferrer\">Winnipeg BrewBombers<br \/>\nPro Am Brew Challenge<\/a><\/td>\n<td>Winnipeg Brew Bombers<\/td>\n<td>Winnipeg, MB<\/td>\n<td>16 octobre 2015<\/td>\n<\/tr>\n<tr>\n<td>7 novembre 2015<\/td>\n<td><a href=\"http:\/\/www.montrealers.ca\/competitions\/\" target=\"_blank\" rel=\"noopener noreferrer\">M.A.L.T. 2015<\/a><\/td>\n<td>MontreAlers Homebrewing Club<\/td>\n<td>Montreal, QC<\/td>\n<td>4 novembre 2015<\/td>\n<\/tr>\n<\/tbody>\n<\/table>\n<h3>Classement<\/h3>\n<table border=\"0\" width=\"100%\" cellspacing=\"0\" cellpadding=\"0\">\n<tbody>\n<tr>\n<th>Nom<\/th>\n<th>Points<\/th>\n<\/tr>\n<tr>\n<td style=\"text-align: center;\"><strong>Darryl Shelton<\/strong><\/td>\n<td style=\"text-align: center;\"><strong>14<\/strong><\/td>\n<\/tr>\n<tr>\n<td style=\"text-align: center;\">Mattias Gruvman<\/td>\n<td style=\"text-align: center;\">12<\/td>\n<\/tr>\n<tr>\n<td style=\"text-align: center;\">Christian Roberge<\/td>\n<td style=\"text-align: center;\">12<\/td>\n<\/tr>\n<tr>\n<td style=\"text-align: center;\">Paul Brennan<\/td>\n<td style=\"text-align: center;\">10<\/td>\n<\/tr>\n<tr>\n<td style=\"text-align: center;\">Natasha Baijot-Gruvman<\/td>\n<td style=\"text-align: center;\">4<\/td>\n<\/tr>\n<tr>\n<td style=\"text-align: center;\">Michael D&rsquo;Ornellas<\/td>\n<td style=\"text-align: center;\">3<\/td>\n<\/tr>\n<tr>\n<td style=\"text-align: center;\">Shawn Duriez<\/td>\n<td style=\"text-align: center;\">3<\/td>\n<\/tr>\n<tr>\n<td style=\"text-align: center;\">Vin Naylor<\/td>\n<td style=\"text-align: center;\">3<\/td>\n<\/tr>\n<tr>\n<td style=\"text-align: center;\">Andrew Stevens<\/td>\n<td style=\"text-align: center;\">2<\/td>\n<\/tr>\n<tr>\n<td style=\"text-align: center;\">Mathieu Bilodeau<\/td>\n<td style=\"text-align: center;\">2<\/td>\n<\/tr>\n<tr>\n<td style=\"text-align: center;\">Ludovic Goic<\/td>\n<td style=\"text-align: center;\">2<\/td>\n<\/tr>\n<tr>\n<td style=\"text-align: center;\">Manuel Hellbig<\/td>\n<td style=\"text-align: center;\">2<\/td>\n<\/tr>\n<tr>\n<td style=\"text-align: center;\">Francis Bisson<\/td>\n<td style=\"text-align: center;\">2<\/td>\n<\/tr>\n<tr>\n<td style=\"text-align: center;\">Jean-Sebastien Bernard<\/td>\n<td style=\"text-align: center;\">1<\/td>\n<\/tr>\n<tr>\n<td style=\"text-align: center;\">Greg Felix<\/td>\n<td style=\"text-align: center;\">1<\/td>\n<\/tr>\n<tr>\n<td style=\"text-align: center;\">Stephane Gagnon<\/td>\n<td style=\"text-align: center;\">1<\/td>\n<\/tr>\n<tr>\n<td style=\"text-align: center;\">Julien Huxley<\/td>\n<td style=\"text-align: center;\">1<\/td>\n<\/tr>\n<tr>\n<td style=\"text-align: center;\">Adrian Neculau<\/td>\n<td style=\"text-align: center;\">1<\/td>\n<\/tr>\n<tr>\n<td style=\"text-align: center;\">Eduardo Viadas<\/td>\n<td style=\"text-align: center;\">1<\/td>\n<\/tr>\n<tr>\n<td style=\"text-align: center;\">Fergus Yarrow<\/td>\n<td style=\"text-align: center;\">1<\/td>\n<\/tr>\n<\/tbody>\n<\/table>\n","protected":false},"excerpt":{"rendered":"<p>Cette ann\u00e9e, nous organisons une comp\u00e9tition interne pour le titre de Brasseur de l&rsquo;Ann\u00e9e des MontreAlers! Comment \u00e7a marche: Nous utiliserons le m\u00eame syst\u00e8me de pointage que BrewerOfTheYear.com (1\u00e8re place [&hellip;]<\/p>\n","protected":false},"author":1,"featured_media":0,"parent":0,"menu_order":0,"comment_status":"closed","ping_status":"closed","template":"","meta":{"footnotes":""},"class_list":["post-4864","page","type-page","status-publish","hentry"],"_links":{"self":[{"href":"https:\/\/www.montrealers.ca\/fr\/wp-json\/wp\/v2\/pages\/4864","targetHints":{"allow":["GET"]}}],"collection":[{"href":"https:\/\/www.montrealers.ca\/fr\/wp-json\/wp\/v2\/pages"}],"about":[{"href":"https:\/\/www.montrealers.ca\/fr\/wp-json\/wp\/v2\/types\/page"}],"author":[{"embeddable":true,"href":"https:\/\/www.montrealers.ca\/fr\/wp-json\/wp\/v2\/users\/1"}],"replies":[{"embeddable":true,"href":"https:\/\/www.montrealers.ca\/fr\/wp-json\/wp\/v2\/comments?post=4864"}],"version-history":[{"count":0,"href":"https:\/\/www.montrealers.ca\/fr\/wp-json\/wp\/v2\/pages\/4864\/revisions"}],"wp:attachment":[{"href":"https:\/\/www.montrealers.ca\/fr\/wp-json\/wp\/v2\/media?parent=4864"}],"curies":[{"name":"wp","href":"https:\/\/api.w.org\/{rel}","templated":true}]}}