{"id":4880,"date":"2019-03-01T20:49:25","date_gmt":"2019-03-02T01:49:25","guid":{"rendered":"https:\/\/www.montrealers.ca\/page-daccueil\/"},"modified":"2023-01-18T09:56:47","modified_gmt":"2023-01-18T14:56:47","slug":"page-daccueil","status":"publish","type":"page","link":"https:\/\/www.montrealers.ca\/fr\/","title":{"rendered":"Page d&rsquo;accueil"},"content":{"rendered":"<div id=\"pl-gb4880-69f3d606d25b7\"  class=\"panel-layout\" ><div id=\"pg-gb4880-69f3d606d25b7-0\"  class=\"panel-grid panel-no-style\" ><div id=\"pgc-gb4880-69f3d606d25b7-0-0\"  class=\"panel-grid-cell\" ><div id=\"panel-gb4880-69f3d606d25b7-0-0-0\" class=\"so-panel widget widget_moesia_action moesia_action_widget panel-first-child panel-last-child\" data-index=\"0\" >\t\t<section id=\"call-to-action\" class=\"action-area\">\n\t\t\t<div class=\"container\">\n\t\t\t\t<h3 class=\"widget-title\"><span class=\"wow bounce\"> Christopher Needelman Memorial IronAler 2023<\/span><\/h3>\t\t\t\t\t\t\t\t\t\n\t\t\t\t\t<a href=\"https:\/\/www.montrealers.ca\/christopher-needelman-memorial-ironaler-2023\/\" class=\"call-to-action wow zoomInUp\">Find Out More<\/a>\n\t\t\t\t\t\t\t<\/div>\n\t\t\t\t\t\t\t\t\t\t\t\t\t\n\t\t<\/section>\t\t\n\t<\/div><\/div><\/div><div id=\"pg-gb4880-69f3d606d25b7-1\"  class=\"panel-grid panel-no-style\" ><div id=\"pgc-gb4880-69f3d606d25b7-1-0\"  class=\"panel-grid-cell\" ><div id=\"panel-gb4880-69f3d606d25b7-1-0-0\" class=\"so-panel widget widget_moesia_services moesia_services_widget panel-first-child panel-last-child\" data-index=\"1\" >\t\t<section id=\"services\" class=\"services-area\">\n\t\t\t<div class=\"container\">\n\t\t\t\t<h3 class=\"widget-title\"><span class=\"wow bounce\">\u00c0 PROPOS DU CLUB<\/span><\/h3>\t\t\t\t\t\t\t\t\t\t\t\t\t\t\t\t\t\t\t<div class=\"service col-md-4 col-sm-6 col-xs-6\">\n\t\t\t\t\t\t\t\t\t\t\t\t<h4 class=\"service-title wow fadeInUp\">Qui sommes-nous?<\/h4><div class=\"service-desc wow fadeInUp\">Les Montr\u00e9Alers est un organisme form\u00e9 de brasseurs amateurs de la r\u00e9gion de Montr\u00e9al partageant une passion pour le brassage et souhaitant voir l\u2019\u00e9panouissement de ce passe-temps. Nos activit\u00e9s principales sont: des rencontres mensuelles de d\u00e9gustation, des comp\u00e9titions de brassage et des discussions en-ligne sur les divers sujets relatifs au brassage.\r\n\r\nSi vous souhaitez participer \u00e0 la conversation, <strong>joignez-vous \u00e0 notre <a href=\"https:\/\/www.montrealers.ca\/?services=discourse-fr\">groupe de discussion<\/a> et pr\u00e9sentez-vous<\/strong>.\r\n\r\nSi vous souhaitez profiter des nombreux avantages d\u2019\u00eatre membre des MontreAlers, <a title=\"Adh\u00e9sion\" href=\"https:\/\/www.montrealers.ca\/fr\/plans-dadhesion\/\"><strong>devenir membre.<\/strong><\/a>\r\n<h2 style=\"text-align: center;\"><a href=\"https:\/\/www.montrealers.ca\/fr\/page-daccueil\/a-propos\/\">EN SAVOIR PLUS<\/a><\/h2><\/div>\t\t\t\t\t<\/div>\n\t\t\t\t\t\t\t<\/div>\n\t\t\t\t\t\t\t\t\t\n\t\t<\/section>\t\t\n\t<\/div><\/div><\/div><div id=\"pg-gb4880-69f3d606d25b7-2\"  class=\"panel-grid panel-no-style\" ><div id=\"pgc-gb4880-69f3d606d25b7-2-0\"  class=\"panel-grid-cell\" ><div id=\"panel-gb4880-69f3d606d25b7-2-0-0\" class=\"so-panel widget widget_moesia_clients moesia_clients_widget panel-first-child panel-last-child\" data-index=\"2\" >\t\t<section id=\"clients\" class=\"clients-area\">\n\t\t\t<div class=\"container\">\n\t\t\t\t<h3 class=\"widget-title\"><span class=\"wow bounce\">Nos commanditaires<\/span><\/h3>\t\t\t\t<div class=\"carousel clearfix slider\">\n\t\t\t\t\t\t\t\t\t\t\t<div class=\"clearfix\">\t\n\t\t\t\t\t\t\t\t\t\t\t\t\t\t\t\n\t\t\t\t\t\t\t\t<a href=\"https:\/\/kegland.com.au\/pages\/distributor\" target=\"_blank\"><img decoding=\"async\" width=\"901\" height=\"346\" src=\"https:\/\/www.montrealers.ca\/wp-content\/uploads\/2025\/08\/kegland-logo.png\" class=\"attachment-post-thumbnail size-post-thumbnail wp-post-image\" alt=\"\" srcset=\"https:\/\/www.montrealers.ca\/wp-content\/uploads\/2025\/08\/kegland-logo.png 901w, https:\/\/www.montrealers.ca\/wp-content\/uploads\/2025\/08\/kegland-logo-300x115.png 300w, https:\/\/www.montrealers.ca\/wp-content\/uploads\/2025\/08\/kegland-logo-768x295.png 768w, https:\/\/www.montrealers.ca\/wp-content\/uploads\/2025\/08\/kegland-logo-750x288.png 750w, https:\/\/www.montrealers.ca\/wp-content\/uploads\/2025\/08\/kegland-logo-400x154.png 400w, https:\/\/www.montrealers.ca\/wp-content\/uploads\/2025\/08\/kegland-logo-430x165.png 430w, https:\/\/www.montrealers.ca\/wp-content\/uploads\/2025\/08\/kegland-logo-150x58.png 150w, https:\/\/www.montrealers.ca\/wp-content\/uploads\/2025\/08\/kegland-logo-100x38.png 100w\" sizes=\"(max-width: 901px) 100vw, 901px\" \/><\/a>\n\t\t\t\t\t\t\t\t\t\t\t\t\t<\/div>\n\t\t\t\t\t\t\t\t\t\t\t<div class=\"clearfix\">\t\n\t\t\t\t\t\t\t\t\t\t\t\t\t\t\t\n\t\t\t\t\t\t\t\t<a href=\"https:\/\/www.lachopeangus.com\/\" target=\"_blank\"><img decoding=\"async\" width=\"800\" height=\"529\" src=\"https:\/\/www.montrealers.ca\/wp-content\/uploads\/2022\/09\/LACHOPE_Logo-HorizontalVert.svg_.png\" class=\"attachment-post-thumbnail size-post-thumbnail wp-post-image\" alt=\"\" srcset=\"https:\/\/www.montrealers.ca\/wp-content\/uploads\/2022\/09\/LACHOPE_Logo-HorizontalVert.svg_.png 800w, https:\/\/www.montrealers.ca\/wp-content\/uploads\/2022\/09\/LACHOPE_Logo-HorizontalVert.svg_-300x198.png 300w, https:\/\/www.montrealers.ca\/wp-content\/uploads\/2022\/09\/LACHOPE_Logo-HorizontalVert.svg_-768x508.png 768w, https:\/\/www.montrealers.ca\/wp-content\/uploads\/2022\/09\/LACHOPE_Logo-HorizontalVert.svg_-750x496.png 750w, https:\/\/www.montrealers.ca\/wp-content\/uploads\/2022\/09\/LACHOPE_Logo-HorizontalVert.svg_-400x265.png 400w, https:\/\/www.montrealers.ca\/wp-content\/uploads\/2022\/09\/LACHOPE_Logo-HorizontalVert.svg_-430x284.png 430w, https:\/\/www.montrealers.ca\/wp-content\/uploads\/2022\/09\/LACHOPE_Logo-HorizontalVert.svg_-150x99.png 150w, https:\/\/www.montrealers.ca\/wp-content\/uploads\/2022\/09\/LACHOPE_Logo-HorizontalVert.svg_-100x66.png 100w\" sizes=\"(max-width: 800px) 100vw, 800px\" \/><\/a>\n\t\t\t\t\t\t\t\t\t\t\t\t\t<\/div>\n\t\t\t\t\t\t\t\t\t\t\t<div class=\"clearfix\">\t\n\t\t\t\t\t\t\t\t\t\t\t\t\t\t\t\n\t\t\t\t\t\t\t\t<a href=\"http:\/\/www.sans-taverne.coop\/\" target=\"_blank\"><img decoding=\"async\" width=\"960\" height=\"960\" src=\"https:\/\/www.montrealers.ca\/wp-content\/uploads\/2019\/11\/logo-sans-tav-blanc-sur-charcoal-2.jpg\" class=\"attachment-post-thumbnail size-post-thumbnail wp-post-image\" alt=\"\" srcset=\"https:\/\/www.montrealers.ca\/wp-content\/uploads\/2019\/11\/logo-sans-tav-blanc-sur-charcoal-2.jpg 960w, https:\/\/www.montrealers.ca\/wp-content\/uploads\/2019\/11\/logo-sans-tav-blanc-sur-charcoal-2-300x300.jpg 300w, https:\/\/www.montrealers.ca\/wp-content\/uploads\/2019\/11\/logo-sans-tav-blanc-sur-charcoal-2-150x150.jpg 150w, https:\/\/www.montrealers.ca\/wp-content\/uploads\/2019\/11\/logo-sans-tav-blanc-sur-charcoal-2-768x768.jpg 768w, https:\/\/www.montrealers.ca\/wp-content\/uploads\/2019\/11\/logo-sans-tav-blanc-sur-charcoal-2-750x750.jpg 750w, https:\/\/www.montrealers.ca\/wp-content\/uploads\/2019\/11\/logo-sans-tav-blanc-sur-charcoal-2-400x400.jpg 400w, https:\/\/www.montrealers.ca\/wp-content\/uploads\/2019\/11\/logo-sans-tav-blanc-sur-charcoal-2-430x430.jpg 430w, https:\/\/www.montrealers.ca\/wp-content\/uploads\/2019\/11\/logo-sans-tav-blanc-sur-charcoal-2-100x100.jpg 100w, https:\/\/www.montrealers.ca\/wp-content\/uploads\/2019\/11\/logo-sans-tav-blanc-sur-charcoal-2-600x600.jpg 600w\" sizes=\"(max-width: 960px) 100vw, 960px\" \/><\/a>\n\t\t\t\t\t\t\t\t\t\t\t\t\t<\/div>\n\t\t\t\t\t\t\t\t\t\t\t<div class=\"clearfix\">\t\n\t\t\t\t\t\t\t\t\t\t\t\t\t\t\t\n\t\t\t\t\t\t\t\t<a href=\"https:\/\/www.brewtek.ca\/\" target=\"_blank\"><img decoding=\"async\" width=\"1200\" height=\"489\" src=\"https:\/\/www.montrealers.ca\/wp-content\/uploads\/2019\/09\/Brewtek-logo.png\" class=\"attachment-post-thumbnail size-post-thumbnail wp-post-image\" alt=\"\" srcset=\"https:\/\/www.montrealers.ca\/wp-content\/uploads\/2019\/09\/Brewtek-logo.png 1200w, https:\/\/www.montrealers.ca\/wp-content\/uploads\/2019\/09\/Brewtek-logo-300x122.png 300w, https:\/\/www.montrealers.ca\/wp-content\/uploads\/2019\/09\/Brewtek-logo-768x313.png 768w, https:\/\/www.montrealers.ca\/wp-content\/uploads\/2019\/09\/Brewtek-logo-1024x417.png 1024w, https:\/\/www.montrealers.ca\/wp-content\/uploads\/2019\/09\/Brewtek-logo-750x306.png 750w, https:\/\/www.montrealers.ca\/wp-content\/uploads\/2019\/09\/Brewtek-logo-400x163.png 400w, https:\/\/www.montrealers.ca\/wp-content\/uploads\/2019\/09\/Brewtek-logo-430x175.png 430w, https:\/\/www.montrealers.ca\/wp-content\/uploads\/2019\/09\/Brewtek-logo-150x61.png 150w, https:\/\/www.montrealers.ca\/wp-content\/uploads\/2019\/09\/Brewtek-logo-100x41.png 100w, https:\/\/www.montrealers.ca\/wp-content\/uploads\/2019\/09\/Brewtek-logo-600x245.png 600w\" sizes=\"(max-width: 1200px) 100vw, 1200px\" \/><\/a>\n\t\t\t\t\t\t\t\t\t\t\t\t\t<\/div>\n\t\t\t\t\t\t\t\t\t\t\t<div class=\"clearfix\">\t\n\t\t\t\t\t\t\t\t\t\t\t\t\t\t\t\n\t\t\t\t\t\t\t\t<a href=\"https:\/\/www.hopsconnect.com\/\" target=\"_blank\"><img decoding=\"async\" width=\"209\" height=\"145\" src=\"https:\/\/www.montrealers.ca\/wp-content\/uploads\/2019\/07\/hops-connect-logo.png\" class=\"attachment-post-thumbnail size-post-thumbnail wp-post-image\" alt=\"\" srcset=\"https:\/\/www.montrealers.ca\/wp-content\/uploads\/2019\/07\/hops-connect-logo.png 209w, https:\/\/www.montrealers.ca\/wp-content\/uploads\/2019\/07\/hops-connect-logo-150x104.png 150w, https:\/\/www.montrealers.ca\/wp-content\/uploads\/2019\/07\/hops-connect-logo-100x69.png 100w\" sizes=\"(max-width: 209px) 100vw, 209px\" \/><\/a>\n\t\t\t\t\t\t\t\t\t\t\t\t\t<\/div>\n\t\t\t\t\t\t\t\t\t\t\t<div class=\"clearfix\">\t\n\t\t\t\t\t\t\t\t\t\t\t\t\t\t\t\n\t\t\t\t\t\t\t\t<a href=\"http:\/\/beersmith.com\/\" target=\"_blank\"><img decoding=\"async\" width=\"300\" height=\"300\" src=\"https:\/\/www.montrealers.ca\/wp-content\/uploads\/2019\/10\/beer-smith.jpg\" class=\"attachment-post-thumbnail size-post-thumbnail wp-post-image\" alt=\"\" srcset=\"https:\/\/www.montrealers.ca\/wp-content\/uploads\/2019\/10\/beer-smith.jpg 300w, https:\/\/www.montrealers.ca\/wp-content\/uploads\/2019\/10\/beer-smith-150x150.jpg 150w, https:\/\/www.montrealers.ca\/wp-content\/uploads\/2019\/10\/beer-smith-100x100.jpg 100w\" sizes=\"(max-width: 300px) 100vw, 300px\" \/><\/a>\n\t\t\t\t\t\t\t\t\t\t\t\t\t<\/div>\n\t\t\t\t\t\t\t\t\t\t\t<div class=\"clearfix\">\t\n\t\t\t\t\t\t\t\t\t\t\t\t\t\t\t\n\t\t\t\t\t\t\t\t<a href=\"http:\/\/www.grogtag.com\/\" target=\"_blank\"><img decoding=\"async\" width=\"220\" height=\"108\" src=\"https:\/\/www.montrealers.ca\/wp-content\/uploads\/2019\/03\/grogtag-logo-sprite.png\" class=\"attachment-post-thumbnail size-post-thumbnail wp-post-image\" alt=\"\" srcset=\"https:\/\/www.montrealers.ca\/wp-content\/uploads\/2019\/03\/grogtag-logo-sprite.png 220w, https:\/\/www.montrealers.ca\/wp-content\/uploads\/2019\/03\/grogtag-logo-sprite-150x74.png 150w, https:\/\/www.montrealers.ca\/wp-content\/uploads\/2019\/03\/grogtag-logo-sprite-100x49.png 100w\" sizes=\"(max-width: 220px) 100vw, 220px\" \/><\/a>\n\t\t\t\t\t\t\t\t\t\t\t\t\t<\/div>\n\t\t\t\t\t\t\t\t\t\t\t<div class=\"clearfix\">\t\n\t\t\t\t\t\t\t\t\t\t\t\t\t\t\t\n\t\t\t\t\t\t\t\t<a href=\"http:\/\/brutopia.net\/\" target=\"_blank\"><img decoding=\"async\" width=\"428\" height=\"206\" src=\"https:\/\/www.montrealers.ca\/wp-content\/uploads\/2019\/03\/brutopia.png\" class=\"attachment-post-thumbnail size-post-thumbnail wp-post-image\" alt=\"\" srcset=\"https:\/\/www.montrealers.ca\/wp-content\/uploads\/2019\/03\/brutopia.png 428w, https:\/\/www.montrealers.ca\/wp-content\/uploads\/2019\/03\/brutopia-300x144.png 300w, https:\/\/www.montrealers.ca\/wp-content\/uploads\/2019\/03\/brutopia-400x193.png 400w, https:\/\/www.montrealers.ca\/wp-content\/uploads\/2019\/03\/brutopia-150x72.png 150w, https:\/\/www.montrealers.ca\/wp-content\/uploads\/2019\/03\/brutopia-100x48.png 100w\" sizes=\"(max-width: 428px) 100vw, 428px\" \/><\/a>\n\t\t\t\t\t\t\t\t\t\t\t\t\t<\/div>\n\t\t\t\t\t\t\t\t\t\t\t<div class=\"clearfix\">\t\n\t\t\t\t\t\t\t\t\t\t\t\t\t\t\t\n\t\t\t\t\t\t\t\t<a href=\"https:\/\/www.brouepubbrouhaha.com\/\" target=\"_blank\"><img decoding=\"async\" width=\"175\" height=\"173\" src=\"https:\/\/www.montrealers.ca\/wp-content\/uploads\/2019\/03\/Brouhaha.png\" class=\"attachment-post-thumbnail size-post-thumbnail wp-post-image\" alt=\"\" srcset=\"https:\/\/www.montrealers.ca\/wp-content\/uploads\/2019\/03\/Brouhaha.png 175w, https:\/\/www.montrealers.ca\/wp-content\/uploads\/2019\/03\/Brouhaha-150x148.png 150w, https:\/\/www.montrealers.ca\/wp-content\/uploads\/2019\/03\/Brouhaha-100x100.png 100w\" sizes=\"(max-width: 175px) 100vw, 175px\" \/><\/a>\n\t\t\t\t\t\t\t\t\t\t\t\t\t<\/div>\n\t\t\t\t\t\t\t\t\t\t\t<div class=\"clearfix\">\t\n\t\t\t\t\t\t\t\t\t\t\t\t\t\t\t\n\t\t\t\t\t\t\t\t<a href=\"https:\/\/twitter.com\/Houblons\" target=\"_blank\"><img decoding=\"async\" width=\"844\" height=\"299\" src=\"https:\/\/www.montrealers.ca\/wp-content\/uploads\/2019\/03\/sponsor_franklin.gif\" class=\"attachment-post-thumbnail size-post-thumbnail wp-post-image\" alt=\"\" \/><\/a>\n\t\t\t\t\t\t\t\t\t\t\t\t\t<\/div>\n\t\t\t\t\t\t\t\t\t\t\t<div class=\"clearfix\">\t\n\t\t\t\t\t\t\t\t\t\t\t\t\t\t\t\n\t\t\t\t\t\t\t\t<a href=\"http:\/\/www.choppeabarrock.com\/\" target=\"_blank\"><img decoding=\"async\" width=\"319\" height=\"131\" src=\"https:\/\/www.montrealers.ca\/wp-content\/uploads\/2019\/03\/La-Chope-a-Barrock.png\" class=\"attachment-post-thumbnail size-post-thumbnail wp-post-image\" alt=\"\" srcset=\"https:\/\/www.montrealers.ca\/wp-content\/uploads\/2019\/03\/La-Chope-a-Barrock.png 319w, https:\/\/www.montrealers.ca\/wp-content\/uploads\/2019\/03\/La-Chope-a-Barrock-300x123.png 300w, https:\/\/www.montrealers.ca\/wp-content\/uploads\/2019\/03\/La-Chope-a-Barrock-150x62.png 150w, https:\/\/www.montrealers.ca\/wp-content\/uploads\/2019\/03\/La-Chope-a-Barrock-100x41.png 100w\" sizes=\"(max-width: 319px) 100vw, 319px\" \/><\/a>\n\t\t\t\t\t\t\t\t\t\t\t\t\t<\/div>\n\t\t\t\t\t\t\t\t\t\t\t<div class=\"clearfix\">\t\n\t\t\t\t\t\t\t\t\t\t\t\t\t\t\t\n\t\t\t\t\t\t\t\t<a href=\"http:\/\/www.cachettedubootlegger.ca\/\" target=\"_blank\"><img decoding=\"async\" width=\"127\" height=\"81\" src=\"https:\/\/www.montrealers.ca\/wp-content\/uploads\/2019\/03\/Cachette.png\" class=\"attachment-post-thumbnail size-post-thumbnail wp-post-image\" alt=\"\" srcset=\"https:\/\/www.montrealers.ca\/wp-content\/uploads\/2019\/03\/Cachette.png 127w, https:\/\/www.montrealers.ca\/wp-content\/uploads\/2019\/03\/Cachette-100x64.png 100w\" sizes=\"(max-width: 127px) 100vw, 127px\" \/><\/a>\n\t\t\t\t\t\t\t\t\t\t\t\t\t<\/div>\n\t\t\t\t\t\t\t\t\t\t\t<div class=\"clearfix\">\t\n\t\t\t\t\t\t\t\t\t\t\t\t\t\t\t\n\t\t\t\t\t\t\t\t<a href=\"https:\/\/www.beergrains.com\/\" target=\"_blank\"><img decoding=\"async\" width=\"403\" height=\"341\" src=\"https:\/\/www.montrealers.ca\/wp-content\/uploads\/2019\/03\/beergrains_logo.png\" class=\"attachment-post-thumbnail size-post-thumbnail wp-post-image\" alt=\"\" srcset=\"https:\/\/www.montrealers.ca\/wp-content\/uploads\/2019\/03\/beergrains_logo.png 403w, https:\/\/www.montrealers.ca\/wp-content\/uploads\/2019\/03\/beergrains_logo-300x254.png 300w, https:\/\/www.montrealers.ca\/wp-content\/uploads\/2019\/03\/beergrains_logo-400x338.png 400w, https:\/\/www.montrealers.ca\/wp-content\/uploads\/2019\/03\/beergrains_logo-150x127.png 150w, https:\/\/www.montrealers.ca\/wp-content\/uploads\/2019\/03\/beergrains_logo-100x85.png 100w\" sizes=\"(max-width: 403px) 100vw, 403px\" \/><\/a>\n\t\t\t\t\t\t\t\t\t\t\t\t\t<\/div>\n\t\t\t\t\t\t\t\t\t\t\t<div class=\"clearfix\">\t\n\t\t\t\t\t\t\t\t\t\t\t\t\t\t\t\n\t\t\t\t\t\t\t\t<a href=\"http:\/\/www.hopdawgs.ca\/\" target=\"_blank\"><img decoding=\"async\" width=\"148\" height=\"161\" src=\"https:\/\/www.montrealers.ca\/wp-content\/uploads\/2019\/03\/sponsor_hopdawgs.png\" class=\"attachment-post-thumbnail size-post-thumbnail wp-post-image\" alt=\"\" srcset=\"https:\/\/www.montrealers.ca\/wp-content\/uploads\/2019\/03\/sponsor_hopdawgs.png 148w, https:\/\/www.montrealers.ca\/wp-content\/uploads\/2019\/03\/sponsor_hopdawgs-100x109.png 100w\" sizes=\"(max-width: 148px) 100vw, 148px\" \/><\/a>\n\t\t\t\t\t\t\t\t\t\t\t\t\t<\/div>\n\t\t\t\t\t\t\t\t\t\t\t<div class=\"clearfix\">\t\n\t\t\t\t\t\t\t\t\t\t\t\t\t\t\t\n\t\t\t\t\t\t\t\t<a href=\"https:\/\/www.moutinternational.com\/\" target=\"_blank\"><img decoding=\"async\" width=\"167\" height=\"90\" src=\"https:\/\/www.montrealers.ca\/wp-content\/uploads\/2019\/03\/sponsor_mout.png\" class=\"attachment-post-thumbnail size-post-thumbnail wp-post-image\" alt=\"\" srcset=\"https:\/\/www.montrealers.ca\/wp-content\/uploads\/2019\/03\/sponsor_mout.png 167w, https:\/\/www.montrealers.ca\/wp-content\/uploads\/2019\/03\/sponsor_mout-150x81.png 150w, https:\/\/www.montrealers.ca\/wp-content\/uploads\/2019\/03\/sponsor_mout-100x54.png 100w\" sizes=\"(max-width: 167px) 100vw, 167px\" \/><\/a>\n\t\t\t\t\t\t\t\t\t\t\t\t\t<\/div>\n\t\t\t\t\t\t\t\t\t\t\t<div class=\"clearfix\">\t\n\t\t\t\t\t\t\t\t\t\t\t\t\t\t\t\n\t\t\t\t\t\t\t\t<a href=\"https:\/\/www.hoppy.ca\/\" target=\"_blank\"><img decoding=\"async\" width=\"3001\" height=\"3001\" src=\"https:\/\/www.montrealers.ca\/wp-content\/uploads\/2019\/03\/logo_officiel-couleur-combinaison-1.png\" class=\"attachment-post-thumbnail size-post-thumbnail wp-post-image\" alt=\"\" srcset=\"https:\/\/www.montrealers.ca\/wp-content\/uploads\/2019\/03\/logo_officiel-couleur-combinaison-1.png 3001w, https:\/\/www.montrealers.ca\/wp-content\/uploads\/2019\/03\/logo_officiel-couleur-combinaison-1-300x300.png 300w, https:\/\/www.montrealers.ca\/wp-content\/uploads\/2019\/03\/logo_officiel-couleur-combinaison-1-1024x1024.png 1024w, https:\/\/www.montrealers.ca\/wp-content\/uploads\/2019\/03\/logo_officiel-couleur-combinaison-1-150x150.png 150w, https:\/\/www.montrealers.ca\/wp-content\/uploads\/2019\/03\/logo_officiel-couleur-combinaison-1-768x768.png 768w, https:\/\/www.montrealers.ca\/wp-content\/uploads\/2019\/03\/logo_officiel-couleur-combinaison-1-1536x1536.png 1536w, https:\/\/www.montrealers.ca\/wp-content\/uploads\/2019\/03\/logo_officiel-couleur-combinaison-1-2048x2048.png 2048w, https:\/\/www.montrealers.ca\/wp-content\/uploads\/2019\/03\/logo_officiel-couleur-combinaison-1-750x750.png 750w, https:\/\/www.montrealers.ca\/wp-content\/uploads\/2019\/03\/logo_officiel-couleur-combinaison-1-400x400.png 400w, https:\/\/www.montrealers.ca\/wp-content\/uploads\/2019\/03\/logo_officiel-couleur-combinaison-1-430x430.png 430w, https:\/\/www.montrealers.ca\/wp-content\/uploads\/2019\/03\/logo_officiel-couleur-combinaison-1-100x100.png 100w\" sizes=\"(max-width: 3001px) 100vw, 3001px\" \/><\/a>\n\t\t\t\t\t\t\t\t\t\t\t\t\t<\/div>\n\t\t\t\t\t\t\t\t\t\t\t<div class=\"clearfix\">\t\n\t\t\t\t\t\t\t\t\t\t\t\t\t\t\t\n\t\t\t\t\t\t\t\t<a href=\"http:\/\/brasseriebenelux.com\/\" target=\"_blank\"><img decoding=\"async\" width=\"300\" height=\"300\" src=\"https:\/\/www.montrealers.ca\/wp-content\/uploads\/2019\/03\/benelux.gif\" class=\"attachment-post-thumbnail size-post-thumbnail wp-post-image\" alt=\"\" \/><\/a>\n\t\t\t\t\t\t\t\t\t\t\t\t\t<\/div>\n\t\t\t\t\t\t\t\t\t\t\t<div class=\"clearfix\">\t\n\t\t\t\t\t\t\t\t\t\t\t\t\t\t\t\n\t\t\t\t\t\t\t\t<a href=\"http:\/\/www.atelier-biere-vin.com\/\" target=\"_blank\"><img decoding=\"async\" width=\"327\" height=\"115\" src=\"https:\/\/www.montrealers.ca\/wp-content\/uploads\/2019\/03\/ABV.png\" class=\"attachment-post-thumbnail size-post-thumbnail wp-post-image\" alt=\"\" srcset=\"https:\/\/www.montrealers.ca\/wp-content\/uploads\/2019\/03\/ABV.png 327w, https:\/\/www.montrealers.ca\/wp-content\/uploads\/2019\/03\/ABV-300x106.png 300w, https:\/\/www.montrealers.ca\/wp-content\/uploads\/2019\/03\/ABV-150x53.png 150w, https:\/\/www.montrealers.ca\/wp-content\/uploads\/2019\/03\/ABV-100x35.png 100w\" sizes=\"(max-width: 327px) 100vw, 327px\" \/><\/a>\n\t\t\t\t\t\t\t\t\t\t\t\t\t<\/div>\n\t\t\t\t\t\t\t\t\t\t\t<div class=\"clearfix\">\t\n\t\t\t\t\t\t\t\t\t\t\t\t\t\t\t\n\t\t\t\t\t\t\t\t<a href=\"http:\/\/www.kahnawakebrewing.com\/\" target=\"_blank\"><img decoding=\"async\" width=\"2446\" height=\"1960\" src=\"https:\/\/www.montrealers.ca\/wp-content\/uploads\/2019\/03\/Logo_Kahnawake_PNG.png\" class=\"attachment-post-thumbnail size-post-thumbnail wp-post-image\" alt=\"\" srcset=\"https:\/\/www.montrealers.ca\/wp-content\/uploads\/2019\/03\/Logo_Kahnawake_PNG.png 2446w, https:\/\/www.montrealers.ca\/wp-content\/uploads\/2019\/03\/Logo_Kahnawake_PNG-600x481.png 600w, https:\/\/www.montrealers.ca\/wp-content\/uploads\/2019\/03\/Logo_Kahnawake_PNG-300x240.png 300w, https:\/\/www.montrealers.ca\/wp-content\/uploads\/2019\/03\/Logo_Kahnawake_PNG-768x615.png 768w, https:\/\/www.montrealers.ca\/wp-content\/uploads\/2019\/03\/Logo_Kahnawake_PNG-1024x821.png 1024w, https:\/\/www.montrealers.ca\/wp-content\/uploads\/2019\/03\/Logo_Kahnawake_PNG-750x601.png 750w, https:\/\/www.montrealers.ca\/wp-content\/uploads\/2019\/03\/Logo_Kahnawake_PNG-400x321.png 400w, https:\/\/www.montrealers.ca\/wp-content\/uploads\/2019\/03\/Logo_Kahnawake_PNG-430x345.png 430w, https:\/\/www.montrealers.ca\/wp-content\/uploads\/2019\/03\/Logo_Kahnawake_PNG-150x120.png 150w, https:\/\/www.montrealers.ca\/wp-content\/uploads\/2019\/03\/Logo_Kahnawake_PNG-100x80.png 100w\" sizes=\"(max-width: 2446px) 100vw, 2446px\" \/><\/a>\n\t\t\t\t\t\t\t\t\t\t\t\t\t<\/div>\n\t\t\t\t\t\t\t\t\t<\/div>\t\t\t\t\n\t\t\t<\/div>\n\t\t\t\t\t\t\n\t\t<\/section>\t\t\n\t<\/div><\/div><\/div><\/div>","protected":false},"excerpt":{"rendered":"","protected":false},"author":1,"featured_media":0,"parent":0,"menu_order":0,"comment_status":"closed","ping_status":"closed","template":"page_front-page.php","meta":{"footnotes":""},"class_list":["post-4880","page","type-page","status-publish","hentry"],"_links":{"self":[{"href":"https:\/\/www.montrealers.ca\/fr\/wp-json\/wp\/v2\/pages\/4880","targetHints":{"allow":["GET"]}}],"collection":[{"href":"https:\/\/www.montrealers.ca\/fr\/wp-json\/wp\/v2\/pages"}],"about":[{"href":"https:\/\/www.montrealers.ca\/fr\/wp-json\/wp\/v2\/types\/page"}],"author":[{"embeddable":true,"href":"https:\/\/www.montrealers.ca\/fr\/wp-json\/wp\/v2\/users\/1"}],"replies":[{"embeddable":true,"href":"https:\/\/www.montrealers.ca\/fr\/wp-json\/wp\/v2\/comments?post=4880"}],"version-history":[{"count":4,"href":"https:\/\/www.montrealers.ca\/fr\/wp-json\/wp\/v2\/pages\/4880\/revisions"}],"predecessor-version":[{"id":14684,"href":"https:\/\/www.montrealers.ca\/fr\/wp-json\/wp\/v2\/pages\/4880\/revisions\/14684"}],"wp:attachment":[{"href":"https:\/\/www.montrealers.ca\/fr\/wp-json\/wp\/v2\/media?parent=4880"}],"curies":[{"name":"wp","href":"https:\/\/api.w.org\/{rel}","templated":true}]}}