{"id":4905,"date":"2019-03-04T12:39:33","date_gmt":"2019-03-04T17:39:33","guid":{"rendered":"https:\/\/www.montrealers.ca\/a-propos\/ressources\/"},"modified":"2022-10-17T18:22:33","modified_gmt":"2022-10-17T22:22:33","slug":"ressources","status":"publish","type":"page","link":"https:\/\/www.montrealers.ca\/fr\/page-daccueil\/a-propos\/ressources\/","title":{"rendered":"Ressources"},"content":{"rendered":"<h3>D\u00e9taillants Locale de Mat\u00e9riel et Ingr\u00e9dients Brassicoles<\/h3>\n<ul>\n<li><a href=\"https:\/\/www.moutinternational.com\/\" target=\"_blank\" rel=\"noopener noreferrer\">Mo\u00fbt International<\/a> &#8211; 7850 rue Bombardier, Anjou, QC, H1J 1X6<\/li>\n<li><a href=\"http:\/\/www.atelier-biere-vin.com\" target=\"_blank\" rel=\"noopener noreferrer\">Atelier Bi\u00e8re et Vin<\/a> &#8211; 1972 Chemin de Chambly, Longueuil, QC, J4J 3Y2<\/li>\n<li><a href=\"http:\/\/www.choppeabarrock.com\" target=\"_blank\" rel=\"noopener noreferrer\">Choppe A Barrock<\/a> &#8211; 4709 Rue Saint Dominique, Montreal, QC, H2T 1T7<\/li>\n<li><a href=\"http:\/\/www.cachettedubootlegger.ca\" target=\"_blank\" rel=\"noopener noreferrer\">La Cachette Du Bootlegger<\/a> &#8211; 90 Rue Morgan, Baie-d&rsquo;Urf\u00e9, QC, H9X 3A8<\/li>\n<li><a href=\"http:\/\/www.bieresetdelices.com\" target=\"_blank\" rel=\"noopener noreferrer\">Bi\u00e8res et D\u00e9lices<\/a> &#8211; 1l7, 53 Mont\u00e9e Robert, Saint-Basile-le-Grand, QC J3N<\/li>\n<li><a href=\"http:\/\/www.le-brasseur.ca\/\">Le brasseur<\/a> &#8211; 81 A Boulevard Georges-Gagn\u00e9 S, Delson, QC J5B 2E6<\/li>\n<\/ul>\n<h3>D\u00e9taillants En-Ligne de Mat\u00e9riel et Ingr\u00e9dients Brassicoles<\/h3>\n<ul>\n<li><a href=\"https:\/\/www.hoppy.ca\/\">Hoppy<\/a> (ingr\u00e9dients et \u00e9quipement)<\/li>\n<li><a href=\"https:\/\/www.ontariobeerkegs.com\/\" target=\"_blank\" rel=\"noopener noreferrer\">Ontario Beer Kegs<\/a><\/li>\n<li><a href=\"http:\/\/www.hopdawgs.ca\" target=\"_blank\" rel=\"noopener noreferrer\">Hop Dawgs Home Brewing Supplies<\/a><\/li>\n<li><a href=\"http:\/\/www.beergrains.com\/\" target=\"_blank\" rel=\"noopener noreferrer\">Beer Grains Supply Co.<\/a><\/li>\n<li><a href=\"http:\/\/www.torontobrewing.ca\/\" target=\"_blank\" rel=\"noopener noreferrer\">Toronto Brewing<\/a><\/li>\n<\/ul>\n<h3>Recharge CO2 et Reconditionnement de Cylindre<\/h3>\n<ul>\n<li><a href=\"http:\/\/www.extincteurs-abp.com\" target=\"_blank\" rel=\"noopener noreferrer\">A B P Enr<\/a> &#8211; 4525, av des Industries, Laval, QC, H7C 1A1<\/li>\n<li><a href=\"http:\/\/www.globefire.com\" target=\"_blank\" rel=\"noopener noreferrer\">\u00c9quipement D&rsquo;Incendie Globe Inc<\/a> &#8211; 590 19e Avenue, Lachine, QC, H8S 3S5<\/li>\n<li><a href=\"http:\/\/www.guard-x.com\" target=\"_blank\" rel=\"noopener noreferrer\">Guard-X Inc<\/a> &#8211; 10600 Boulevard Parkway, Montr\u00e9al, QC, H1J 1R6<\/li>\n<li><a href=\"http:\/\/www.safetyfirstint.com\/\" target=\"_blank\" rel=\"noopener noreferrer\">Safety First Montr\u00e9al<\/a> &#8211; 2805 Boulevard Losch, St-Hubert, QC, J3Y 3V6<\/li>\n<li><a href=\"http:\/\/www.cfhsecurite.com\/\" target=\"_blank\" rel=\"noopener noreferrer\">CFH s\u00e9curit\u00e9<\/a> &#8211; 1455 Pitfield Boulevard, Ville St-Laurent, QC H4S 1G3\/li&gt;<\/li>\n<\/ul>\n<h3>Recharge d\u2019Azote<\/h3>\n<ul>\n<li><a href=\"http:\/\/www.lindecanada.com\/\" target=\"_blank\" rel=\"noopener noreferrer\">Linde Canada Limit\u00e9e<\/a>\n<ul>\n<li>2720 Saint-Patrick St, Montreal, QC<\/li>\n<li>4635 Avenue Fortier, Saint-Hubert, QC<\/li>\n<li>5555 Des Grandes Prairies Montreal, Montr\u00e9al, QC<\/li>\n<\/ul>\n<\/li>\n<li><a href=\"http:\/\/www.bphmontreal.ca\/\" target=\"_blank\" rel=\"noopener noreferrer\">Breuvages Philippe Harvey<\/a> &#8211; 3800 Boulevard Thimens, Saint-Laurent, QC, H4R 1V6 (for rental. ask for Aligal-13)<\/li>\n<\/ul>\n<h3>Comp\u00e9titions<\/h3>\n<ul>\n<li style=\"list-style-type: none;\">\n<ul>\n<li><a href=\"http:\/\/www.breweroftheyear.com\/competitions\/\" target=\"_blank\" rel=\"noopener noreferrer\">BrewerOfTheYear.com<\/a><\/li>\n<li><a href=\"http:\/\/www.bjcp.org\/apps\/comp_schedule\/competition_schedule.php\" target=\"_blank\" rel=\"noopener noreferrer\">BJCP Schedule<\/a><\/li>\n<\/ul>\n<\/li>\n<\/ul>\n<h3><\/h3>\n<h3>Brasseries et Broue-Pubs du Qu\u00e9bec<\/h3>\n<p><iframe src=\"https:\/\/maps.google.ca\/maps\/ms?hl=en&amp;ie=UTF8&amp;om=1&amp;msid=203205229496502375334.00000111fa7d50fbcea79&amp;msa=0&amp;t=m&amp;ll=47.144897,-70.488281&amp;spn=5.230911,14.589844&amp;z=6&amp;output=embed\" width=\"664\" height=\"350\" frameborder=\"0\" marginwidth=\"0\" marginheight=\"0\" scrolling=\"no\" data-mce-fragment=\"1\"><\/iframe><br \/>\n<small>Voir <a style=\"color: #0000ff; text-align: left;\" href=\"https:\/\/maps.google.ca\/maps\/ms?hl=en&amp;ie=UTF8&amp;om=1&amp;msid=203205229496502375334.00000111fa7d50fbcea79&amp;msa=0&amp;t=m&amp;ll=47.144897,-70.488281&amp;spn=5.230911,14.589844&amp;z=6&amp;source=embed\">Brasseries et Broue-Pubs du Qu\u00e9bec<\/a> dans une carte plus grande. Merci \u00e0 <a href=\"http:\/\/www.artisanbrasseur.com\">Jan-Philippe Barbeau<\/a><\/small><\/p>\n","protected":false},"excerpt":{"rendered":"<p>D\u00e9taillants Locale de Mat\u00e9riel et Ingr\u00e9dients Brassicoles Mo\u00fbt International &#8211; 7850 rue Bombardier, Anjou, QC, H1J 1X6 Atelier Bi\u00e8re et Vin &#8211; 1972 Chemin de Chambly, Longueuil, QC, J4J 3Y2 [&hellip;]<\/p>\n","protected":false},"author":1,"featured_media":0,"parent":4871,"menu_order":0,"comment_status":"closed","ping_status":"closed","template":"","meta":{"footnotes":""},"class_list":["post-4905","page","type-page","status-publish","hentry"],"_links":{"self":[{"href":"https:\/\/www.montrealers.ca\/fr\/wp-json\/wp\/v2\/pages\/4905","targetHints":{"allow":["GET"]}}],"collection":[{"href":"https:\/\/www.montrealers.ca\/fr\/wp-json\/wp\/v2\/pages"}],"about":[{"href":"https:\/\/www.montrealers.ca\/fr\/wp-json\/wp\/v2\/types\/page"}],"author":[{"embeddable":true,"href":"https:\/\/www.montrealers.ca\/fr\/wp-json\/wp\/v2\/users\/1"}],"replies":[{"embeddable":true,"href":"https:\/\/www.montrealers.ca\/fr\/wp-json\/wp\/v2\/comments?post=4905"}],"version-history":[{"count":7,"href":"https:\/\/www.montrealers.ca\/fr\/wp-json\/wp\/v2\/pages\/4905\/revisions"}],"predecessor-version":[{"id":14604,"href":"https:\/\/www.montrealers.ca\/fr\/wp-json\/wp\/v2\/pages\/4905\/revisions\/14604"}],"up":[{"embeddable":true,"href":"https:\/\/www.montrealers.ca\/fr\/wp-json\/wp\/v2\/pages\/4871"}],"wp:attachment":[{"href":"https:\/\/www.montrealers.ca\/fr\/wp-json\/wp\/v2\/media?parent=4905"}],"curies":[{"name":"wp","href":"https:\/\/api.w.org\/{rel}","templated":true}]}}