{"id":4907,"date":"2019-03-05T10:20:58","date_gmt":"2019-03-05T15:20:58","guid":{"rendered":"https:\/\/www.montrealers.ca\/a-propos\/commanditaires-du-club\/"},"modified":"2022-10-07T11:10:55","modified_gmt":"2022-10-07T15:10:55","slug":"commanditaires-du-club","status":"publish","type":"page","link":"https:\/\/www.montrealers.ca\/fr\/page-daccueil\/a-propos\/commanditaires-du-club\/","title":{"rendered":"Commanditaires"},"content":{"rendered":"\n<figure class=\"wp-block-table is-style-stripes\"><table><tbody><tr><td><strong>Nom<\/strong><\/td><td><strong>Produit\/service<\/strong><\/td><td><strong>R\u00e9duction<\/strong><\/td><\/tr><tr><td>Benelux<\/td><td>Bi\u00e8re<\/td><td>15% de r\u00e9duction sur les pintes<\/td><\/tr><tr><td>Broue Pub Brouhaha<\/td><td>Bi\u00e8re<\/td><td>1 $ de r\u00e9duction sur les pintes<\/td><\/tr><tr><td>Brutopia<\/td><td>Bi\u00e8re<\/td><td>&#8211;<\/td><\/tr><tr><td>Kahnawake Brewing Company<\/td><td>Bi\u00e8re<\/td><td>&#8211;<\/td><\/tr><tr><td>La Chope Angus &#8211; Brasserie Artisanale<\/td><td>Bi\u00e8re<\/td><td>50% de r\u00e9duction sur les bi\u00e8res de La Chope pendant les \u00e9v\u00e9nements MontreAlers<\/td><\/tr><tr><td>MaBrasserie<\/td><td>Bi\u00e8re<\/td><td>1 $ de r\u00e9duction sur les pintes<br\/>(les produits <br\/>mabrasseries uniquement )<\/td><\/tr><tr><td>Les Sans-Taverne<\/td><td>Bi\u00e8re<\/td><td> 3 X 5oz d\u00e9gustation pour 6,50$ <\/td><\/tr><tr><td>\u00c9picerie Moderne<\/td><td>Distributeur de bi\u00e8re<\/td><td>10%<\/td><\/tr><tr><td>BeerSmith<\/td><td>Logiciel de brassage<\/td><td>$5<\/td><\/tr><tr><td>Linde<\/td><td>Gaz<\/td><td>10%<\/td><\/tr><tr><td>Atelier Bi\u00e8res et Vin<\/td><td>Mat\u00e9riel et Ingr\u00e9dients Brassicoles<\/td><td>10%<\/td><\/tr><tr><td>Beer Grains<\/td><td>Mat\u00e9riel et Ingr\u00e9dients Brassicoles<\/td><td>5%<\/td><\/tr><tr><td>GrogTag<\/td><td>Mat\u00e9riel et Ingr\u00e9dients Brassicoles<\/td><td>15%<\/td><\/tr><tr><td>Hop Dawgs<\/td><td>Mat\u00e9riel et Ingr\u00e9dients Brassicoles<\/td><td>6%<\/td><\/tr><tr><td>La Cachette du Bootlegger<\/td><td>Mat\u00e9riel et Ingr\u00e9dients Brassicoles<\/td><td>Variable<\/td><\/tr><tr><td>La Chope \u00c0 Barrock<\/td><td>Mat\u00e9riel et Ingr\u00e9dients Brassicoles<\/td><td>Variable<\/td><\/tr><tr><td>Mout International<\/td><td>Mat\u00e9riel et Ingr\u00e9dients Brassicoles<\/td><td>10%<\/td><\/tr><tr><td>Toronto Brewing<\/td><td>Mat\u00e9riel et Ingr\u00e9dients Brassicoles <\/td><td>5%<\/td><\/tr><tr><td>Domaine Brune Houblonde<\/td><td>Houblon<\/td><td>10%<\/td><\/tr><tr><td>Houblons Franklins<\/td><td>Houblon<\/td><td>10%<\/td><\/tr><tr><td>HOPPY<\/td><td>Houblon<\/td><td>5%<\/td><\/tr><tr><td>LABAQ<\/td><td>\u00c9ducation Brassage Maison<\/td><td>15$ de rabais<\/td><\/tr><tr><td>Brew Buddy<\/td><td>Beer Tasting Journal<\/td><td>30% off<\/td><\/tr><\/tbody><\/table><\/figure>\n","protected":false},"excerpt":{"rendered":"<p>Nom Produit\/service R\u00e9duction Benelux Bi\u00e8re 15% de r\u00e9duction sur les pintes Broue Pub Brouhaha Bi\u00e8re 1 $ de r\u00e9duction sur les pintes Brutopia Bi\u00e8re &#8211; Kahnawake Brewing Company Bi\u00e8re &#8211; [&hellip;]<\/p>\n","protected":false},"author":1,"featured_media":0,"parent":4871,"menu_order":0,"comment_status":"closed","ping_status":"closed","template":"","meta":{"footnotes":""},"class_list":["post-4907","page","type-page","status-publish","hentry"],"_links":{"self":[{"href":"https:\/\/www.montrealers.ca\/fr\/wp-json\/wp\/v2\/pages\/4907","targetHints":{"allow":["GET"]}}],"collection":[{"href":"https:\/\/www.montrealers.ca\/fr\/wp-json\/wp\/v2\/pages"}],"about":[{"href":"https:\/\/www.montrealers.ca\/fr\/wp-json\/wp\/v2\/types\/page"}],"author":[{"embeddable":true,"href":"https:\/\/www.montrealers.ca\/fr\/wp-json\/wp\/v2\/users\/1"}],"replies":[{"embeddable":true,"href":"https:\/\/www.montrealers.ca\/fr\/wp-json\/wp\/v2\/comments?post=4907"}],"version-history":[{"count":38,"href":"https:\/\/www.montrealers.ca\/fr\/wp-json\/wp\/v2\/pages\/4907\/revisions"}],"predecessor-version":[{"id":14591,"href":"https:\/\/www.montrealers.ca\/fr\/wp-json\/wp\/v2\/pages\/4907\/revisions\/14591"}],"up":[{"embeddable":true,"href":"https:\/\/www.montrealers.ca\/fr\/wp-json\/wp\/v2\/pages\/4871"}],"wp:attachment":[{"href":"https:\/\/www.montrealers.ca\/fr\/wp-json\/wp\/v2\/media?parent=4907"}],"curies":[{"name":"wp","href":"https:\/\/api.w.org\/{rel}","templated":true}]}}