{"id":4923,"date":"2018-01-17T20:05:27","date_gmt":"2018-01-18T01:05:27","guid":{"rendered":"https:\/\/www.montrealers.ca\/brasseur-de-lannee-2018\/"},"modified":"2018-01-17T20:05:27","modified_gmt":"2018-01-18T01:05:27","slug":"brasseur-de-lannee-2018","status":"publish","type":"page","link":"https:\/\/www.montrealers.ca\/fr\/brasseur-de-lannee-2018\/","title":{"rendered":"Brasseur de l&rsquo;Ann\u00e9e 2018"},"content":{"rendered":"<p style=\"text-align: center;\"><a href=\"http:\/\/www.bjcp.com\" target=\"_blank\" rel=\"noopener noreferrer\"><img decoding=\"async\" src=\"https:\/\/www.montrealers.ca\/wp-content\/uploads\/2019\/03\/bjcp.png\" alt=\"BJCP.com\"><\/a><a href=\"http:\/\/www.breweroftheyear.com\" target=\"_blank\" rel=\"noopener noreferrer\"><img decoding=\"async\" src=\"http:\/\/www.breweroftheyear.com\/wp-content\/uploads\/logov3.png\" alt=\"BOTY\"><\/a><\/p>\n<p>Cette ann\u00e9e, nous organisons une comp\u00e9tition interne pour le titre de <strong>Brasseur de l&rsquo;Ann\u00e9e des MontreAlers<\/strong>!<\/p>\n<p><strong>Comment \u00e7a marche:<\/strong> Nous utiliserons le m\u00eame syst\u00e8me de pointage que <a href=\"http:\/\/www.breweroftheyear.com\" target=\"_blank\" rel=\"noopener noreferrer\"><strong>BrewerOfTheYear.com<\/strong><\/a> (1\u00e8re place = 3pts, 2\u00e8me place = 2pts, 3\u00e8me place = 1Pts, mention honorable = 0.5 pts). Le membre MontreAler qui accumulera le plus de points \u00e0 la fin de l&rsquo;ann\u00e9e remportera le titre de top brasseur du club et un beau prix! Nous annoncerons le(s) prix plus tard.<\/p>\n<p><strong>Quelles sont les comp\u00e9titions:<\/strong>Veuillez consulter la page<a href=\"http:\/\/www.breweroftheyear.com\/competitions\/\" target=\"_blank\" rel=\"noopener noreferrer\"><strong>Comp\u00e9titions sur le site BrewerOfTheYear.com.<\/strong><\/a> Nous annoncerons les comp\u00e9titions suppl\u00e9mentaires via la <a href=\"http:\/\/www.montrealers.ca\/en\/mailing-list\/\">liste de courriel<\/a>, le site Internet (voir ci-dessous), et notre <a href=\"https:\/\/www.facebook.com\/montrealershomebrewing\" target=\"_blank\" rel=\"noopener noreferrer\"><strong>page Facebook.<\/strong><\/a><\/p>\n","protected":false},"excerpt":{"rendered":"<p>Cette ann\u00e9e, nous organisons une comp\u00e9tition interne pour le titre de Brasseur de l&rsquo;Ann\u00e9e des MontreAlers! Comment \u00e7a marche: Nous utiliserons le m\u00eame syst\u00e8me de pointage que BrewerOfTheYear.com (1\u00e8re place [&hellip;]<\/p>\n","protected":false},"author":1,"featured_media":0,"parent":0,"menu_order":0,"comment_status":"closed","ping_status":"closed","template":"","meta":{"footnotes":""},"class_list":["post-4923","page","type-page","status-publish","hentry"],"_links":{"self":[{"href":"https:\/\/www.montrealers.ca\/fr\/wp-json\/wp\/v2\/pages\/4923","targetHints":{"allow":["GET"]}}],"collection":[{"href":"https:\/\/www.montrealers.ca\/fr\/wp-json\/wp\/v2\/pages"}],"about":[{"href":"https:\/\/www.montrealers.ca\/fr\/wp-json\/wp\/v2\/types\/page"}],"author":[{"embeddable":true,"href":"https:\/\/www.montrealers.ca\/fr\/wp-json\/wp\/v2\/users\/1"}],"replies":[{"embeddable":true,"href":"https:\/\/www.montrealers.ca\/fr\/wp-json\/wp\/v2\/comments?post=4923"}],"version-history":[{"count":0,"href":"https:\/\/www.montrealers.ca\/fr\/wp-json\/wp\/v2\/pages\/4923\/revisions"}],"wp:attachment":[{"href":"https:\/\/www.montrealers.ca\/fr\/wp-json\/wp\/v2\/media?parent=4923"}],"curies":[{"name":"wp","href":"https:\/\/api.w.org\/{rel}","templated":true}]}}