{"id":4926,"date":"2017-06-07T21:58:01","date_gmt":"2017-06-08T01:58:01","guid":{"rendered":"https:\/\/www.montrealers.ca\/ironaler-2017\/"},"modified":"2019-03-25T12:59:06","modified_gmt":"2019-03-25T16:59:06","slug":"ironaler-2017","status":"publish","type":"page","link":"https:\/\/www.montrealers.ca\/fr\/ironaler-2017\/","title":{"rendered":"IRONALER 2017"},"content":{"rendered":"<h1 style=\"text-align: center;\">IRONALER EST DE RETOUR!<\/h1>\n<p><!-- \n\n<h3 style=\"text-align: center;\"><em><a href=\"http:\/\/www.montrealers.ca\/product\/ironaler-2017-qualification-registration\/\">Register Here!<\/a><\/em><\/h3>\n\n\n--><\/p>\n<p style=\"text-align: center;\"><iframe src=\"https:\/\/www.youtube.com\/embed\/blzCV9neQXo\" width=\"854\" height=\"480\" frameborder=\"0\" allowfullscreen=\"allowfullscreen\"><\/iframe><\/p>\n<h3>QU\u2019EST-CE QUE IRONALER?<\/h3>\n<p>Ce format amusant et cr\u00e9atif est de plus en plus populaire dans le monde du brassage amateur. Si vous n\u2019\u00eates pas familier avec la formule, chaque participant, ou \u00e9quipe, se voir fournir une bo\u00eete myst\u00e8re avec les m\u00eames ingr\u00e9dients pour tous et un laps de temps d\u00e9finis pour brasser 20 litre de la bi\u00e8re de leur choix, en utilisant uniquement les ingr\u00e9dients fournis dans la bo\u00eete !<\/p>\n<p>La comp\u00e9tition culmine avec la tenue d\u2019un gala ou les brasseurs devront pr\u00e9senter et promouvoir leur bi\u00e8re. C\u2019est \u00e0 ce moment que tout le monde, les juges et le publique, pourrons voter pour leur favoris. Les gagnants seront r\u00e9compens\u00e9s avec de superbe prix provenant de nos tr\u00e8s g\u00e9n\u00e9reux <a href=\"#sponsors\">commanditaires<\/a>!<\/p>\n<p><a name=\"mainevent\"><\/a><\/p>\n<h3>LA FINALE!<\/h3>\n<p>QUAND: 11 novembre, 2017 \u00e0 19h<br \/>\nO\u00d9: <a href=\"https:\/\/goo.gl\/maps\/qG3JiSsvoX32\">Espace 8 &#8211; 8 Rue Queen, Montr\u00e9al, QC H3C 2N5<\/a><\/p>\n<p>Un don sugg\u00e9r\u00e9 de 10$ ou plus est payable en ligne ( <a href=\"http:\/\/www.montrealers.ca\/product\/ironaler-2017\/\">voir notre boutique en ligne!<\/a> ) ou \u00e0 la porte. En retour, vous recevrez un verre de d\u00e9gustation d\u2019\u00e9dition limit\u00e9e!<br \/>\nNous vous conseillons de payer en avance car les verres de d\u00e9gustation sont <strong>requis<\/strong>pour \u00e9chantillonner les produits finaux des \u00e9quipes qui sont en quantit\u00e9 limit\u00e9e. Aucun autre verres n\u2019est autoris\u00e9. \u2013 c\u2019est pour s\u2019assurer que les quantit\u00e9s d\u2019\u00e9chantillons sont \u00e9gales pour tous.<\/p>\n<p><!-- <a name=\"rules\"><\/a>\n\n\n<h3>RULES<\/h3>\n\n\n1. The contest is open to individual contestants and teams of up to four people.\n\n2. All individual contestants must be members-in-good-standing of the MontreAlers Homebrewing Club (hereafter known as \u201cMontreAlers\u201d) as of July 29, 2017. All teams must include one member-in-good-standing of the MontreAlers as of July 29, 2017.\n\n3. All contest participants must be 18 years or older as of July 29, 2017.\n\n4. Only homebrewed beer is allowed. No wines, gruits, ciders, or meads are allowed. No commercial beer or beer brewed at a commercial brewery is allowed.\n\n5. The beer may contain all or only some of the ingredients provided in the supplied box, but the only ingredients in the beer must come from the box (aside from water, obviously). Acids (excluding acid malt) and salts may be used to adjust your water profile. Yeast nutrients may not be used.\n\n6. Participants may only start brewing upon reception of the ingredients box (unless otherwise stated by the club Officers). The finished beer must be ready to serve on the day of the gala.\n\n7. Participants are responsible for serving their own beer, either in bottles or on draft, at the appropriate temperature at the competition\/awards event. Sharing jockey boxes with multiple taps is permitted as long as each beer is clearly identified. Dextrose, corn sugar, table sugar, carbonation drops are permitted for bottling - if in doubt contact us.\n8. Brewers will have a maximum of 2 minutes to present their beer and brewing process at the event. A screen, projector, and laptop will be provided for this purpose. Any other computer equipment and connectors are the responsibility of the participant.\n8. Fermentation and conditioning MUST be in stainless steel, plastic, or glass. No wood\/barrel aging is permitted.\n&nbsp;\n--><\/p>\n<p><a name=\"sponsors\"><\/a><\/p>\n","protected":false},"excerpt":{"rendered":"<p>IRONALER EST DE RETOUR! QU\u2019EST-CE QUE IRONALER? Ce format amusant et cr\u00e9atif est de plus en plus populaire dans le monde du brassage amateur. Si vous n\u2019\u00eates pas familier avec [&hellip;]<\/p>\n","protected":false},"author":1,"featured_media":0,"parent":0,"menu_order":0,"comment_status":"closed","ping_status":"closed","template":"","meta":{"footnotes":""},"class_list":["post-4926","page","type-page","status-publish","hentry"],"_links":{"self":[{"href":"https:\/\/www.montrealers.ca\/fr\/wp-json\/wp\/v2\/pages\/4926","targetHints":{"allow":["GET"]}}],"collection":[{"href":"https:\/\/www.montrealers.ca\/fr\/wp-json\/wp\/v2\/pages"}],"about":[{"href":"https:\/\/www.montrealers.ca\/fr\/wp-json\/wp\/v2\/types\/page"}],"author":[{"embeddable":true,"href":"https:\/\/www.montrealers.ca\/fr\/wp-json\/wp\/v2\/users\/1"}],"replies":[{"embeddable":true,"href":"https:\/\/www.montrealers.ca\/fr\/wp-json\/wp\/v2\/comments?post=4926"}],"version-history":[{"count":1,"href":"https:\/\/www.montrealers.ca\/fr\/wp-json\/wp\/v2\/pages\/4926\/revisions"}],"predecessor-version":[{"id":4927,"href":"https:\/\/www.montrealers.ca\/fr\/wp-json\/wp\/v2\/pages\/4926\/revisions\/4927"}],"wp:attachment":[{"href":"https:\/\/www.montrealers.ca\/fr\/wp-json\/wp\/v2\/media?parent=4926"}],"curies":[{"name":"wp","href":"https:\/\/api.w.org\/{rel}","templated":true}]}}