{"id":4929,"date":"2018-08-02T13:08:31","date_gmt":"2018-08-02T17:08:31","guid":{"rendered":"https:\/\/www.montrealers.ca\/ironaler-2018\/"},"modified":"2019-09-17T09:48:48","modified_gmt":"2019-09-17T13:48:48","slug":"ironaler-2018","status":"publish","type":"page","link":"https:\/\/www.montrealers.ca\/fr\/ironaler-2018\/","title":{"rendered":"IRONALER 2018"},"content":{"rendered":"<h3>QU\u2019EST-CE QUE IRONALER?<\/h3>\n<p>Ce format amusant et cr\u00e9atif est de plus en plus populaire dans le monde du brassage amateur. Si vous n\u2019\u00eates pas familier avec la formule, chaque participant, ou \u00e9quipe, se voir fournir une bo\u00eete myst\u00e8re avec les m\u00eames ingr\u00e9dients pour tous et un laps de temps d\u00e9finis pour brasser 20 litre de la bi\u00e8re de leur choix, en utilisant uniquement les ingr\u00e9dients fournis dans la bo\u00eete !<\/p>\n<p>La comp\u00e9tition culmine avec la tenue d\u2019un gala ou les brasseurs devront pr\u00e9senter et promouvoir leur bi\u00e8re. C\u2019est \u00e0 ce moment que tout le monde, les juges et le publique, pourrons voter pour leur favoris. Les gagnants seront r\u00e9compens\u00e9s avec de superbe prix provenant de nos tr\u00e8s g\u00e9n\u00e9reux commanditaires!<\/p>\n<h3>LA FINALE!<\/h3>\n<p>QUAND: le 3 novembre, 2018 \u00e0 6:00PM<br \/>\nO\u00d9: <a href=\"https:\/\/goo.gl\/maps\/qG3JiSsvoX32\">Espace 8 &#8211; 8 Rue Queen, Montr\u00e9al, QC H3C 2N5<\/a><\/p>\n<p>Un don sugg\u00e9r\u00e9 de 25$ ou plus est payable en ligne ( <a href=\"http:\/\/www.montrealers.ca\/product\/ironaler-2018\/\">voir notre boutique en ligne!<\/a> ) ou \u00e0 la porte. En retour, vous recevrez un verre de d\u00e9gustation d\u2019\u00e9dition limit\u00e9e!<br \/>\nNous vous conseillons de payer en avance car les verres de d\u00e9gustation sont <strong>requis<\/strong>pour \u00e9chantillonner les produits finaux des \u00e9quipes qui sont en quantit\u00e9 limit\u00e9e. Aucun autre verres n\u2019est autoris\u00e9. \u2013 c\u2019est pour s\u2019assurer que les quantit\u00e9s d\u2019\u00e9chantillons sont \u00e9gales pour tous.<\/p>\n","protected":false},"excerpt":{"rendered":"<p>QU\u2019EST-CE QUE IRONALER? Ce format amusant et cr\u00e9atif est de plus en plus populaire dans le monde du brassage amateur. Si vous n\u2019\u00eates pas familier avec la formule, chaque participant, [&hellip;]<\/p>\n","protected":false},"author":1,"featured_media":0,"parent":0,"menu_order":0,"comment_status":"closed","ping_status":"closed","template":"","meta":{"footnotes":""},"class_list":["post-4929","page","type-page","status-publish","hentry"],"_links":{"self":[{"href":"https:\/\/www.montrealers.ca\/fr\/wp-json\/wp\/v2\/pages\/4929","targetHints":{"allow":["GET"]}}],"collection":[{"href":"https:\/\/www.montrealers.ca\/fr\/wp-json\/wp\/v2\/pages"}],"about":[{"href":"https:\/\/www.montrealers.ca\/fr\/wp-json\/wp\/v2\/types\/page"}],"author":[{"embeddable":true,"href":"https:\/\/www.montrealers.ca\/fr\/wp-json\/wp\/v2\/users\/1"}],"replies":[{"embeddable":true,"href":"https:\/\/www.montrealers.ca\/fr\/wp-json\/wp\/v2\/comments?post=4929"}],"version-history":[{"count":1,"href":"https:\/\/www.montrealers.ca\/fr\/wp-json\/wp\/v2\/pages\/4929\/revisions"}],"predecessor-version":[{"id":4930,"href":"https:\/\/www.montrealers.ca\/fr\/wp-json\/wp\/v2\/pages\/4929\/revisions\/4930"}],"wp:attachment":[{"href":"https:\/\/www.montrealers.ca\/fr\/wp-json\/wp\/v2\/media?parent=4929"}],"curies":[{"name":"wp","href":"https:\/\/api.w.org\/{rel}","templated":true}]}}