{"id":6441,"date":"2019-08-23T14:49:11","date_gmt":"2019-08-23T18:49:11","guid":{"rendered":"https:\/\/www.montrealers.ca\/ironaler-2019\/"},"modified":"2019-11-03T17:25:56","modified_gmt":"2019-11-03T22:25:56","slug":"ironaler-2019","status":"publish","type":"page","link":"https:\/\/www.montrealers.ca\/fr\/ironaler-2019\/","title":{"rendered":"Christopher Needelman Memorial IronAler 2019"},"content":{"rendered":"\n<p>C\u2019est avec grand plaisir que j\u2019annonce les \u00e9quipes participantes au Christopher Needelman Memorial IronAler 2019. C\u2019est vrai, nous avons d\u00e9cid\u00e9 de renommer IronAler pour honorer la m\u00e9moire de notre d\u00e9funt pr\u00e9sident Christopher Needelman. Nous avons senti que cela convenait puisqu&rsquo;il \u00e9tait passionn\u00e9 par cette comp\u00e9tition. <\/p>\n\n<h3 class=\"wp-block-heading\">QU\u2019EST-CE QUE IRONALER?<\/h3>\n\n<p>Ce format amusant et cr\u00e9atif est de plus en plus populaire dans le monde du brassage amateur. Si vous n\u2019\u00eates pas familier avec la formule, chaque participant, ou \u00e9quipe, se voir fournir une bo\u00eete myst\u00e8re avec les m\u00eames ingr\u00e9dients pour tous et un laps de temps d\u00e9finis pour brasser 20 litre de la bi\u00e8re de leur choix, en utilisant uniquement les ingr\u00e9dients fournis dans la bo\u00eete !<\/p>\n\n<p>La comp\u00e9tition culmine avec la tenue d\u2019un gala ou les brasseurs devront pr\u00e9senter et promouvoir leur bi\u00e8re. C\u2019est \u00e0 ce moment que tout le monde, les juges et le publique, pourrons voter pour leur favoris. Les gagnants seront r\u00e9compens\u00e9s avec de superbe prix provenant de nos tr\u00e8s g\u00e9n\u00e9reux commanditaires!<\/p>\n\n<h3 class=\"wp-block-heading\">Billets<\/h3>\n\n<p>Achetez vos billets <a href=\"https:\/\/www.montrealers.ca\/event\/ironaler-2019\/?lang=fr\">ICI<\/a>.<\/p>\n\n<h3 class=\"wp-block-heading\">\u00c9quipes<\/h3>\n\n<p \/>\n\n<ul class=\"wp-block-list\"><li>Cavagnal<\/li><li>Mont Royal Brewing<\/li><li>4 Brewers 1 Keg<\/li><li>Ol&rsquo; Bag O&rsquo; Nuts<\/li><li>Brasserie Bois m&rsquo;en un Verre<\/li><li>Team Hazy<\/li><li>Dangela<\/li><li>Southern Brewers<\/li><li>La broue dans le toupette<\/li><li>Les 4 \u00e9l\u00e9ments<\/li><li>Super Mash Bros<\/li><li>Brett &amp; Friends<\/li><li>Saint-Colomban<\/li><li>AA<\/li><li>St. Daze Grand Crufused<\/li><li>The Mad Miller<\/li><li>Underdogs Brewers<\/li><li>Notre Dame de Brasse<\/li><li>Falconer&rsquo;s Pub du Fauconnier<\/li><li>Brasseur des Hauteurs<\/li><li>Last Brewhouse on the Left<\/li><li>AB Brew<\/li><li>Smash the hops<\/li><li>B-Toon<\/li><li>It&rsquo;s Hop to You<\/li><\/ul>\n<h3 class=\"wp-block-heading\">Commanditaires<\/h3>\n\n<p>Sans des commanditaires exceptionnels, cette comp\u00e9tition n&rsquo;existerait pas. Nous voudrions remercier nos commanditaires pour leur g\u00e9n\u00e9rosit\u00e9. Cette ann\u00e9e, nous avons la plus grande bo\u00eete myst\u00e8re \u00e0 ce jour!<\/p>\n\n<p \/>\n\n<figure class=\"wp-block-image is-resized\"><img decoding=\"async\" src=\"https:\/\/lh4.googleusercontent.com\/h6eTHsfvWRUHss-VvH3YU1fsbPSG8SRxUkn51H1QjG01JiCJc0Du46lZjQErQU1zD04odUp-eJ0ia3xLLEz-M-o5mIC6384NlaYoDzyIL5LMAzp55RsOL2O7Js2CYiJbW2KKF7wy\" alt=\"\" width=\"211\" height=\"111\" \/><\/figure>\n<figure class=\"wp-block-image is-resized\"><img decoding=\"async\" src=\"https:\/\/lh5.googleusercontent.com\/vWksWiHQeZAOsHTLqX48487ZXKpzSL9_Llgh8vl5jqrZryirZRRIj8BnuUfpI8j0rmho8lFJ3Jliygisff8OwgMOW7_5FrzkiaDHEKMjTdIBqDUhresD5ZclC1mZ414EOid898lY\" alt=\"\" width=\"200\" height=\"97\" \/><\/figure>\n<figure class=\"wp-block-image\"><img decoding=\"async\" src=\"https:\/\/lh4.googleusercontent.com\/PARnTT9Nu-OdM6evW9wOTl92H0V6B6PNdKWnzrQSvIFK39j4C19Si9JDX8Fk1zTvsoFYkv_o49D54UtbumFeFgofvm70rXBfipJGUwRqUi49MBAlCbTQurUBI-pbnNNSIB9fWK4F\" alt=\"\" \/><\/figure>\n<figure class=\"wp-block-image is-resized\"><img decoding=\"async\" src=\"https:\/\/lh4.googleusercontent.com\/NuWkPpZ1Wc-6wciNt2tK3yUj9JNyTJfzLoEmv6xbkHWCzK-i89rhWrj-lHRGdimnnAGYAf__4XzF7OVhGV8PVPpcBFQdLAQTxGTm2Ts1aTfk9NVXDAih3Vlpsd3mos6yhAYDeNLW\" alt=\"\" width=\"193\" height=\"193\" \/><\/figure>\n<figure class=\"wp-block-image is-resized\"><img decoding=\"async\" src=\"https:\/\/lh5.googleusercontent.com\/EJi6-c3PLt9vYeFNTe5jB0Ft3CxKw4zHWjiHoZdYxyzdJPunuQ-JGHJKk2uPXLfQFf-ZW8PoIbJaa11RrOWw7eUgFjxuglgor-3G5e6L3mNxOUtX458rzCLFQltawoNEGFhqsZKo\" alt=\"\" width=\"230\" height=\"184\" \/><\/figure>\n<figure class=\"wp-block-image is-resized\"><img decoding=\"async\" src=\"https:\/\/www.montrealers.ca\/wp-content\/uploads\/2019\/10\/4_origins_flower_logo-black_on_white_500.png\" alt=\"\" class=\"wp-image-8964\" width=\"184\" height=\"185\" srcset=\"https:\/\/www.montrealers.ca\/wp-content\/uploads\/2019\/10\/4_origins_flower_logo-black_on_white_500.png 500w, https:\/\/www.montrealers.ca\/wp-content\/uploads\/2019\/10\/4_origins_flower_logo-black_on_white_500-150x151.png 150w, https:\/\/www.montrealers.ca\/wp-content\/uploads\/2019\/10\/4_origins_flower_logo-black_on_white_500-298x300.png 298w, https:\/\/www.montrealers.ca\/wp-content\/uploads\/2019\/10\/4_origins_flower_logo-black_on_white_500-400x402.png 400w, https:\/\/www.montrealers.ca\/wp-content\/uploads\/2019\/10\/4_origins_flower_logo-black_on_white_500-430x433.png 430w, https:\/\/www.montrealers.ca\/wp-content\/uploads\/2019\/10\/4_origins_flower_logo-black_on_white_500-100x100.png 100w, https:\/\/www.montrealers.ca\/wp-content\/uploads\/2019\/10\/4_origins_flower_logo-black_on_white_500-300x300.png 300w\" sizes=\"(max-width: 184px) 100vw, 184px\" \/><figcaption>Microbrasserie 4 Origines<\/figcaption><\/figure>\n<figure class=\"wp-block-image is-resized\"><img decoding=\"async\" src=\"https:\/\/infofestibiere.com\/quebec\/wp-content\/uploads\/sites\/2\/2019\/06\/labrosse.png\" alt=\"R&#xE9;sultat image pour brasserie labrosse\" width=\"205\" height=\"205\" \/><\/figure>\n<figure class=\"wp-block-image\"><img decoding=\"async\" width=\"170\" height=\"172\" src=\"https:\/\/www.montrealers.ca\/wp-content\/uploads\/2019\/10\/espace-public-logo.png\" alt=\"\" class=\"wp-image-8966\" srcset=\"https:\/\/www.montrealers.ca\/wp-content\/uploads\/2019\/10\/espace-public-logo.png 170w, https:\/\/www.montrealers.ca\/wp-content\/uploads\/2019\/10\/espace-public-logo-150x152.png 150w, https:\/\/www.montrealers.ca\/wp-content\/uploads\/2019\/10\/espace-public-logo-100x100.png 100w\" sizes=\"(max-width: 170px) 100vw, 170px\" \/><\/figure>\n<figure class=\"wp-block-image is-resized\"><img decoding=\"async\" src=\"https:\/\/www.montrealers.ca\/wp-content\/uploads\/2019\/03\/benelux.gif\" alt=\"\" class=\"wp-image-109\" width=\"207\" height=\"207\" \/><\/figure>\n<figure class=\"wp-block-image\"><img decoding=\"async\" src=\"https:\/\/lh4.googleusercontent.com\/LCVuHLa2-6hqWKHi9UmR4mtpw8RiNWKAPE61MjIaly6KV-5ZHc5OB3jWEnCSoGQCPO9F8yV-ekpcLPPr_Ap6g-ruAOoejmVCqa1lemHCg2efnDsNA4Orz7uA0eb90vMFLRqdQEGB\" alt=\"\" \/><\/figure>\n<figure class=\"wp-block-image is-resized\"><img decoding=\"async\" src=\"https:\/\/lh3.googleusercontent.com\/2zAYX3rg3bAwqRTQ-7NF3os9VzxPqHphiaI0G_2I7AsWeU8lQRhdxk_B-EDyFYk2SWL0k-lfLDA5rwRoV1U0UE4nM9Kpnv1lNv-3cn9rA9q9q_39Hr-D8kRvWJyct5pa53DeDU7x\" alt=\"\" width=\"269\" height=\"54\" \/><\/figure>\n<figure class=\"wp-block-image is-resized\"><img decoding=\"async\" src=\"https:\/\/lh3.googleusercontent.com\/kbaq8_qLdekkW8qbnZ6uTXHzXD1Kj9qHrst84QMDAfy-nyIv2OWqKfjfw6UUn-fj80OG80bHQwCPa0gMnAc8gUwbwCqtoiDVAd-vPryLzpRCrNcoVhMyc6El4x3o3P65T-zebboF\" alt=\"\" width=\"262\" height=\"84\" \/><\/figure>\n<figure class=\"wp-block-image is-resized\"><img decoding=\"async\" src=\"https:\/\/www.montrealers.ca\/wp-content\/uploads\/2019\/10\/Logo-Houblons-Franklin-site-web.jpg\" alt=\"\" class=\"wp-image-8968\" width=\"237\" height=\"83\" srcset=\"https:\/\/www.montrealers.ca\/wp-content\/uploads\/2019\/10\/Logo-Houblons-Franklin-site-web.jpg 851w, https:\/\/www.montrealers.ca\/wp-content\/uploads\/2019\/10\/Logo-Houblons-Franklin-site-web-300x106.jpg 300w, https:\/\/www.montrealers.ca\/wp-content\/uploads\/2019\/10\/Logo-Houblons-Franklin-site-web-768x271.jpg 768w, https:\/\/www.montrealers.ca\/wp-content\/uploads\/2019\/10\/Logo-Houblons-Franklin-site-web-750x264.jpg 750w, https:\/\/www.montrealers.ca\/wp-content\/uploads\/2019\/10\/Logo-Houblons-Franklin-site-web-400x141.jpg 400w, https:\/\/www.montrealers.ca\/wp-content\/uploads\/2019\/10\/Logo-Houblons-Franklin-site-web-430x152.jpg 430w, https:\/\/www.montrealers.ca\/wp-content\/uploads\/2019\/10\/Logo-Houblons-Franklin-site-web-150x53.jpg 150w, https:\/\/www.montrealers.ca\/wp-content\/uploads\/2019\/10\/Logo-Houblons-Franklin-site-web-100x35.jpg 100w, https:\/\/www.montrealers.ca\/wp-content\/uploads\/2019\/10\/Logo-Houblons-Franklin-site-web-600x212.jpg 600w\" sizes=\"(max-width: 237px) 100vw, 237px\" \/><\/figure>\n<figure class=\"wp-block-image is-resized\"><img decoding=\"async\" src=\"https:\/\/www.montrealers.ca\/wp-content\/uploads\/2019\/03\/beergrains_logo.png\" alt=\"\" class=\"wp-image-4661\" width=\"227\" height=\"192\" srcset=\"https:\/\/www.montrealers.ca\/wp-content\/uploads\/2019\/03\/beergrains_logo.png 403w, https:\/\/www.montrealers.ca\/wp-content\/uploads\/2019\/03\/beergrains_logo-300x254.png 300w, https:\/\/www.montrealers.ca\/wp-content\/uploads\/2019\/03\/beergrains_logo-400x338.png 400w, https:\/\/www.montrealers.ca\/wp-content\/uploads\/2019\/03\/beergrains_logo-150x127.png 150w, https:\/\/www.montrealers.ca\/wp-content\/uploads\/2019\/03\/beergrains_logo-100x85.png 100w\" sizes=\"(max-width: 227px) 100vw, 227px\" \/><\/figure>\n<figure class=\"wp-block-image is-resized\"><img decoding=\"async\" src=\"https:\/\/www.montrealers.ca\/wp-content\/uploads\/2019\/03\/ABV.png\" alt=\"\" class=\"wp-image-107\" width=\"253\" height=\"89\" srcset=\"https:\/\/www.montrealers.ca\/wp-content\/uploads\/2019\/03\/ABV.png 327w, https:\/\/www.montrealers.ca\/wp-content\/uploads\/2019\/03\/ABV-300x106.png 300w, https:\/\/www.montrealers.ca\/wp-content\/uploads\/2019\/03\/ABV-150x53.png 150w, https:\/\/www.montrealers.ca\/wp-content\/uploads\/2019\/03\/ABV-100x35.png 100w\" sizes=\"(max-width: 253px) 100vw, 253px\" \/><\/figure>\n<figure class=\"wp-block-image is-resized\"><img decoding=\"async\" src=\"https:\/\/www.montrealers.ca\/wp-content\/uploads\/2019\/10\/Bootlegger-logo-and-name-2.jpg\" alt=\"\" class=\"wp-image-8973\" width=\"243\" height=\"92\" srcset=\"https:\/\/www.montrealers.ca\/wp-content\/uploads\/2019\/10\/Bootlegger-logo-and-name-2.jpg 300w, https:\/\/www.montrealers.ca\/wp-content\/uploads\/2019\/10\/Bootlegger-logo-and-name-2-150x57.jpg 150w, https:\/\/www.montrealers.ca\/wp-content\/uploads\/2019\/10\/Bootlegger-logo-and-name-2-100x38.jpg 100w\" sizes=\"(max-width: 243px) 100vw, 243px\" \/><\/figure>\n<figure class=\"wp-block-image is-resized\"><img decoding=\"async\" src=\"https:\/\/www.montrealers.ca\/wp-content\/uploads\/2019\/09\/Atelier-du-Brasseur.png\" alt=\"\" class=\"wp-image-7880\" width=\"200\" height=\"113\" srcset=\"https:\/\/www.montrealers.ca\/wp-content\/uploads\/2019\/09\/Atelier-du-Brasseur.png 825w, https:\/\/www.montrealers.ca\/wp-content\/uploads\/2019\/09\/Atelier-du-Brasseur-300x169.png 300w, https:\/\/www.montrealers.ca\/wp-content\/uploads\/2019\/09\/Atelier-du-Brasseur-768x432.png 768w, https:\/\/www.montrealers.ca\/wp-content\/uploads\/2019\/09\/Atelier-du-Brasseur-750x422.png 750w, https:\/\/www.montrealers.ca\/wp-content\/uploads\/2019\/09\/Atelier-du-Brasseur-400x225.png 400w, https:\/\/www.montrealers.ca\/wp-content\/uploads\/2019\/09\/Atelier-du-Brasseur-430x242.png 430w, https:\/\/www.montrealers.ca\/wp-content\/uploads\/2019\/09\/Atelier-du-Brasseur-150x84.png 150w, https:\/\/www.montrealers.ca\/wp-content\/uploads\/2019\/09\/Atelier-du-Brasseur-100x56.png 100w, https:\/\/www.montrealers.ca\/wp-content\/uploads\/2019\/09\/Atelier-du-Brasseur-600x337.png 600w\" sizes=\"(max-width: 200px) 100vw, 200px\" \/><\/figure>\n<figure class=\"wp-block-image is-resized\"><img decoding=\"async\" src=\"https:\/\/www.montrealers.ca\/wp-content\/uploads\/2019\/10\/beer-smith.jpg\" alt=\"\" class=\"wp-image-8971\" width=\"211\" height=\"211\" srcset=\"https:\/\/www.montrealers.ca\/wp-content\/uploads\/2019\/10\/beer-smith.jpg 300w, https:\/\/www.montrealers.ca\/wp-content\/uploads\/2019\/10\/beer-smith-150x150.jpg 150w, https:\/\/www.montrealers.ca\/wp-content\/uploads\/2019\/10\/beer-smith-100x100.jpg 100w\" sizes=\"(max-width: 211px) 100vw, 211px\" \/><\/figure>\n<h3 class=\"wp-block-heading\">Ingr\u00e9dients<\/h3>\n\n<table class=\"wp-block-table\"><tbody><tr><td><strong>BASE MALTS<\/strong><\/td><td><strong>Qty<\/strong><\/td><\/tr><tr><td>6-Row (CMC)<\/td><td>1.5 kg<\/td><\/tr><tr><td>Maris Otter (Crisp)<\/td><td>4 kg<\/td><\/tr><tr><td>Pilsner (Rahr)<\/td><td>4 kg<\/td><\/tr><tr><td>Traditional Pilsner (INNOMALT)<\/td><td>4 kg<\/td><\/tr><tr><td><strong>SPECIALTY MALT<\/strong><\/td><td><strong>Qty<\/strong><\/td><\/tr><tr><td>Accidulated Malt (BESTMALZ)<\/td><td>800 g<\/td><\/tr><tr><td>Carafa II dehusked (Weyerman)<\/td><td>800 g<\/td><\/tr><tr><td>Honey Malt (Gambrinus)<\/td><td>800 g<\/td><\/tr><tr><td>M2 (Innomalt)<\/td><td>800 g<\/td><\/tr><tr><td>Medium Crystal (Simpsons)<\/td><td>800 g<\/td><\/tr><tr><td>Melanoidin (Weyerman)<\/td><td>1.5 kg<\/td><\/tr><tr><td>Red Wheat Malt (INNOMALT)<\/td><td>1.5 kg<\/td><\/tr><tr><td>Special W (Weyerman)<\/td><td>800 g<\/td><\/tr><tr><td>Vienna (BESTMALZ)<\/td><td>800 g<\/td><\/tr><tr><td><strong>HOPS<\/strong><\/td><td><strong>Qty<\/strong><\/td><\/tr><tr><td>Cascade<\/td><td>100 g<\/td><\/tr><tr><td>centennial<\/td><td>100 g<\/td><\/tr><tr><td>Chinook<\/td><td>100 g<\/td><\/tr><tr><td>crystal<\/td><td>100 g<\/td><\/tr><tr><td>Ella<\/td><td>4 oz<\/td><\/tr><tr><td>FR P10\/9 experimental (5.8%)<\/td><td>650 g<\/td><\/tr><tr><td>Loral<\/td><td>4 oz<\/td><\/tr><tr><td>Mandarina Bavaria<\/td><td>4 oz<\/td><\/tr><tr><td>Mosaic<\/td><td>4 oz<\/td><\/tr><tr><td>Nugget<\/td><td>100 g<\/td><\/tr><tr><td>Premiant (7.6%)<\/td><td>650 g<\/td><\/tr><tr><td>Sasquatch (6.6%)<\/td><td>100 g<\/td><\/tr><tr><td><strong>YEASTS<\/strong><\/td><td><br \/><\/td><\/tr><tr><td>Safale US-05<\/td><td>1<\/td><\/tr><tr><td>Safbrew BE-256 Abbaye<\/td><td>1<\/td><\/tr><tr><td>Nottignham<\/td><td>1<\/td><\/tr><tr><td>New England<\/td><td>2<\/td><\/tr><tr><td>SafLager 34\/70<\/td><td>1<\/td><\/tr><tr><td><strong>OTHER<\/strong><\/td><td><br \/><\/td><\/tr><tr><td>Whirfloc Tablets<\/td><td>10<\/td><\/tr><tr><td>Hibiscus<\/td><td>650 g<\/td><\/tr><tr><td>Roasted Hemp Seeds<\/td><td>200 g<\/td><\/tr><\/tbody><\/table>","protected":false},"excerpt":{"rendered":"<p>C\u2019est avec grand plaisir que j\u2019annonce les \u00e9quipes participantes au Christopher Needelman Memorial IronAler 2019. C\u2019est vrai, nous avons d\u00e9cid\u00e9 de renommer IronAler pour honorer la m\u00e9moire de notre d\u00e9funt [&hellip;]<\/p>\n","protected":false},"author":1,"featured_media":0,"parent":0,"menu_order":0,"comment_status":"closed","ping_status":"closed","template":"","meta":{"footnotes":""},"class_list":["post-6441","page","type-page","status-publish","hentry"],"_links":{"self":[{"href":"https:\/\/www.montrealers.ca\/fr\/wp-json\/wp\/v2\/pages\/6441","targetHints":{"allow":["GET"]}}],"collection":[{"href":"https:\/\/www.montrealers.ca\/fr\/wp-json\/wp\/v2\/pages"}],"about":[{"href":"https:\/\/www.montrealers.ca\/fr\/wp-json\/wp\/v2\/types\/page"}],"author":[{"embeddable":true,"href":"https:\/\/www.montrealers.ca\/fr\/wp-json\/wp\/v2\/users\/1"}],"replies":[{"embeddable":true,"href":"https:\/\/www.montrealers.ca\/fr\/wp-json\/wp\/v2\/comments?post=6441"}],"version-history":[{"count":14,"href":"https:\/\/www.montrealers.ca\/fr\/wp-json\/wp\/v2\/pages\/6441\/revisions"}],"predecessor-version":[{"id":10009,"href":"https:\/\/www.montrealers.ca\/fr\/wp-json\/wp\/v2\/pages\/6441\/revisions\/10009"}],"wp:attachment":[{"href":"https:\/\/www.montrealers.ca\/fr\/wp-json\/wp\/v2\/media?parent=6441"}],"curies":[{"name":"wp","href":"https:\/\/api.w.org\/{rel}","templated":true}]}}